{"id":691,"date":"2024-10-29T22:57:55","date_gmt":"2024-10-29T21:57:55","guid":{"rendered":"https:\/\/www.jacques-lafarge.fr\/le-coach-malgre-lui\/"},"modified":"2024-11-13T19:16:56","modified_gmt":"2024-11-13T18:16:56","slug":"le-coach-malgre-lui","status":"publish","type":"page","link":"https:\/\/www.jacques-lafarge.fr\/en\/le-coach-malgre-lui\/","title":{"rendered":"The coach despite himself"},"content":{"rendered":"\t\t<div data-elementor-type=\"wp-page\" data-elementor-id=\"691\" class=\"elementor elementor-691 elementor-194\">\n\t\t\t\t<div class=\"elementor-element elementor-element-2af32ef2 e-con-full e-flex e-con e-parent\" data-id=\"2af32ef2\" data-element_type=\"container\">\n\t\t<div class=\"elementor-element elementor-element-5eea2d33 e-con-full e-flex e-con e-child\" data-id=\"5eea2d33\" data-element_type=\"container\" data-settings=\"{&quot;background_background&quot;:&quot;classic&quot;}\">\n\t\t\t\t<div class=\"elementor-element elementor-element-4d0f337e elementor-widget elementor-widget-image\" data-id=\"4d0f337e\" data-element_type=\"widget\" data-widget_type=\"image.default\">\n\t\t\t\t<div class=\"elementor-widget-container\">\n\t\t\t\t\t\t\t\t\t\t\t\t\t<img decoding=\"async\" width=\"105\" height=\"73\" src=\"https:\/\/www.jacques-lafarge.fr\/wp-content\/uploads\/2024\/10\/quote.png\" class=\"attachment-large size-large wp-image-74\" alt=\"\" \/>\t\t\t\t\t\t\t\t\t\t\t\t\t<\/div>\n\t\t\t\t<\/div>\n\t\t\t\t<div class=\"elementor-element elementor-element-6d98be99 elementor-widget elementor-widget-text-editor\" data-id=\"6d98be99\" data-element_type=\"widget\" data-widget_type=\"text-editor.default\">\n\t\t\t\t<div class=\"elementor-widget-container\">\n\t\t\t\t\t\t\t<h4>Estelle Bousquet<\/h4><p>The acting is remarkable and the pep that emanates from it makes you want to dance and sing from your seat.<\/p>\t\t\t\t\t\t<\/div>\n\t\t\t\t<\/div>\n\t\t\t\t<\/div>\n\t\t<div class=\"elementor-element elementor-element-25a8d3bf e-con-full e-flex e-con e-child\" data-id=\"25a8d3bf\" data-element_type=\"container\">\n\t\t\t\t<div class=\"elementor-element elementor-element-3c8319ae elementor-widget elementor-widget-image\" data-id=\"3c8319ae\" data-element_type=\"widget\" data-widget_type=\"image.default\">\n\t\t\t\t<div class=\"elementor-widget-container\">\n\t\t\t\t\t\t\t\t\t\t\t\t\t<img fetchpriority=\"high\" decoding=\"async\" width=\"800\" height=\"278\" src=\"https:\/\/www.jacques-lafarge.fr\/wp-content\/uploads\/2024\/10\/header-lecoachmalgrelui-1024x356.jpg\" class=\"attachment-large size-large wp-image-198\" alt=\"\" srcset=\"https:\/\/www.jacques-lafarge.fr\/wp-content\/uploads\/2024\/10\/header-lecoachmalgrelui-1024x356.jpg 1024w, https:\/\/www.jacques-lafarge.fr\/wp-content\/uploads\/2024\/10\/header-lecoachmalgrelui-300x104.jpg 300w, https:\/\/www.jacques-lafarge.fr\/wp-content\/uploads\/2024\/10\/header-lecoachmalgrelui-768x267.jpg 768w, https:\/\/www.jacques-lafarge.fr\/wp-content\/uploads\/2024\/10\/header-lecoachmalgrelui.jpg 1086w\" sizes=\"(max-width: 800px) 100vw, 800px\" \/>\t\t\t\t\t\t\t\t\t\t\t\t\t<\/div>\n\t\t\t\t<\/div>\n\t\t<div class=\"elementor-element elementor-element-43dc57ca e-con-full e-flex e-con e-child\" data-id=\"43dc57ca\" data-element_type=\"container\">\n\t\t\t\t<div class=\"elementor-element elementor-element-6808a291 elementor-widget elementor-widget-text-editor\" data-id=\"6808a291\" data-element_type=\"widget\" data-widget_type=\"text-editor.default\">\n\t\t\t\t<div class=\"elementor-widget-container\">\n\t\t\t\t\t\t\t<div class=\"et_pb_row_inner et_pb_row_inner_0_tb_body et_pb_gutters2\"><div class=\"et_pb_column et_pb_column_4_4 et_pb_column_inner et_pb_column_inner_0_tb_body et-last-child\"><div class=\"et_pb_module et_pb_text et_pb_text_1_tb_body article-title et_pb_text_align_center et_pb_bg_layout_light\"><div class=\"et_pb_text_inner\"><p>THE COACH DESPITE HIMSELF<\/p><h3>TODAY, THE DOCTOR DESPITE HIMSELF IS CALLED A COACH<\/h3><p>L\u00e9on, chronically unemployed, spends more time at the bistro than looking for a job. His nonchalant attitude annoys his companion Martine to the highest point, she who works to ensure all the couple&#8217;s expenses. The case turns to the domestic quarrel when she is forced to dislodge him from his cafe to send him to respond to a job offer.<\/p><p>Enraged, thanks to a fortuitous meeting with a certain Mouloud, she sets up a scheme to take revenge for her man&#8217;s provocations: she will have him hired, despite himself, as a life coach for the daughter of Mouloud&#8217;s boss. The scheme works, and even well beyond what she had imagined.<\/p><p>L\u00e9on quickly understands the interest of the situation and here he is like a fish in water in his role as coach. Seeing Leon&#8217;s financial results, Martine is quick to follow suit. By the way, she will take the opportunity to help Lucille, whom her father is trying to put in the arms of a businessman.<\/p><p>Musical piece written in 2014. Music composed by Michael Goldberg<\/p><p>A creation in Montmartre<\/p><p>The coach despite himself was created on April 7, 2014 at the theater Le Funambule Montmartre, in a staging by Jacques Lafarge. Video of the play can be viewed below.<\/p><\/div><\/div><\/div><\/div>\t\t\t\t\t\t<\/div>\n\t\t\t\t<\/div>\n\t\t\t\t<div class=\"elementor-element elementor-element-201b4c68 elementor-widget elementor-widget-video\" data-id=\"201b4c68\" data-element_type=\"widget\" data-settings=\"{&quot;video_type&quot;:&quot;vimeo&quot;}\" data-widget_type=\"video.default\">\n\t\t\t\t<div class=\"elementor-widget-container\">\n\t\t\t\t\t<div class=\"elementor-wrapper elementor-open-inline\">\n\t\t\t<iframe class=\"elementor-video-iframe\" allowfullscreen allow=\"clipboard-write\" title=\"vimeo Video Player\" src=\"https:\/\/player.vimeo.com\/video\/162551510?color&amp;autopause=0&amp;loop=0&amp;muted=0&amp;title=1&amp;portrait=1&amp;byline=1#t=\"><\/iframe>\t\t<\/div>\n\t\t\t\t<\/div>\n\t\t\t\t<\/div>\n\t\t\t\t<\/div>\n\t\t\t\t<\/div>\n\t\t<div class=\"elementor-element elementor-element-2c8d89aa e-con-full e-flex e-con e-child\" data-id=\"2c8d89aa\" data-element_type=\"container\">\n\t\t\t\t<div class=\"elementor-element elementor-element-3c7dccf0 elementor-widget elementor-widget-image\" data-id=\"3c7dccf0\" data-element_type=\"widget\" data-widget_type=\"image.default\">\n\t\t\t\t<div class=\"elementor-widget-container\">\n\t\t\t\t\t\t\t\t\t\t\t\t\t<img decoding=\"async\" width=\"326\" height=\"462\" src=\"https:\/\/www.jacques-lafarge.fr\/wp-content\/uploads\/2024\/10\/CoachMalgreLui.jpg\" class=\"attachment-large size-large wp-image-197\" alt=\"\" srcset=\"https:\/\/www.jacques-lafarge.fr\/wp-content\/uploads\/2024\/10\/CoachMalgreLui.jpg 326w, https:\/\/www.jacques-lafarge.fr\/wp-content\/uploads\/2024\/10\/CoachMalgreLui-212x300.jpg 212w\" sizes=\"(max-width: 326px) 100vw, 326px\" \/>\t\t\t\t\t\t\t\t\t\t\t\t\t<\/div>\n\t\t\t\t<\/div>\n\t\t\t\t<\/div>\n\t\t\t\t<\/div>\n\t\t<div class=\"elementor-element elementor-element-5eb6b3f7 elementor-hidden-desktop elementor-hidden-tablet elementor-hidden-mobile e-flex e-con-boxed e-con e-parent\" data-id=\"5eb6b3f7\" data-element_type=\"container\" data-settings=\"{&quot;background_background&quot;:&quot;classic&quot;}\">\n\t\t\t\t\t<div class=\"e-con-inner\">\n\t\t\t\t<div class=\"elementor-element elementor-element-25f328be elementor-widget elementor-widget-n-accordion\" data-id=\"25f328be\" data-element_type=\"widget\" data-settings=\"{&quot;default_state&quot;:&quot;all_collapsed&quot;,&quot;max_items_expended&quot;:&quot;one&quot;,&quot;n_accordion_animation_duration&quot;:{&quot;unit&quot;:&quot;ms&quot;,&quot;size&quot;:400,&quot;sizes&quot;:[]}}\" data-widget_type=\"nested-accordion.default\">\n\t\t\t\t<div class=\"elementor-widget-container\">\n\t\t\t\t\t<div class=\"e-n-accordion\" aria-label=\"Accordion. Open links with Enter or Space, close with Escape, and navigate with Arrow Keys\">\n\t\t\t\t\t\t<details id=\"e-n-accordion-item-6360\" class=\"e-n-accordion-item\" >\n\t\t\t\t<summary class=\"e-n-accordion-item-title\" data-accordion-index=\"1\" tabindex=\"0\" aria-expanded=\"false\" aria-controls=\"e-n-accordion-item-6360\" >\n\t\t\t\t\t<span class='e-n-accordion-item-title-header'><div class=\"e-n-accordion-item-title-text\"> T\u00e9l\u00e9charger un texte <\/div><\/span>\n\t\t\t\t\t\t\t<span class='e-n-accordion-item-title-icon'>\n\t\t\t<span class='e-opened' ><svg aria-hidden=\"true\" class=\"e-font-icon-svg e-fas-level-up-alt\" viewBox=\"0 0 320 512\" xmlns=\"http:\/\/www.w3.org\/2000\/svg\"><path d=\"M313.553 119.669L209.587 7.666c-9.485-10.214-25.676-10.229-35.174 0L70.438 119.669C56.232 134.969 67.062 160 88.025 160H152v272H68.024a11.996 11.996 0 0 0-8.485 3.515l-56 56C-4.021 499.074 1.333 512 12.024 512H208c13.255 0 24-10.745 24-24V160h63.966c20.878 0 31.851-24.969 17.587-40.331z\"><\/path><\/svg><\/span>\n\t\t\t<span class='e-closed'><svg aria-hidden=\"true\" class=\"e-font-icon-svg e-fas-file-download\" viewBox=\"0 0 384 512\" xmlns=\"http:\/\/www.w3.org\/2000\/svg\"><path d=\"M224 136V0H24C10.7 0 0 10.7 0 24v464c0 13.3 10.7 24 24 24h336c13.3 0 24-10.7 24-24V160H248c-13.2 0-24-10.8-24-24zm76.45 211.36l-96.42 95.7c-6.65 6.61-17.39 6.61-24.04 0l-96.42-95.7C73.42 337.29 80.54 320 94.82 320H160v-80c0-8.84 7.16-16 16-16h32c8.84 0 16 7.16 16 16v80h65.18c14.28 0 21.4 17.29 11.27 27.36zM377 105L279.1 7c-4.5-4.5-10.6-7-17-7H256v128h128v-6.1c0-6.3-2.5-12.4-7-16.9z\"><\/path><\/svg><\/span>\n\t\t<\/span>\n\n\t\t\t\t\t\t<\/summary>\n\t\t\t\t<div role=\"region\" aria-labelledby=\"e-n-accordion-item-6360\" class=\"elementor-element elementor-element-3a92a9d e-con-full e-flex e-con e-child\" data-id=\"3a92a9d\" data-element_type=\"container\">\n\t\t<div role=\"region\" aria-labelledby=\"e-n-accordion-item-6360\" class=\"elementor-element elementor-element-3abd0cbf e-grid e-con-full e-con e-child\" data-id=\"3abd0cbf\" data-element_type=\"container\">\n\t\t\t\t<div class=\"elementor-element elementor-element-576d7af elementor-widget elementor-widget-icon-box\" data-id=\"576d7af\" data-element_type=\"widget\" data-widget_type=\"icon-box.default\">\n\t\t\t\t<div class=\"elementor-widget-container\">\n\t\t\t\t\t<div class=\"elementor-icon-box-wrapper\">\n\n\t\t\t\n\t\t\t\t\t\t<div class=\"elementor-icon-box-content\">\n\n\t\t\t\t\t\t\t\t\t<h4 class=\"elementor-icon-box-title\">\n\t\t\t\t\t\t<a href=\"https:\/\/www.jacques-lafarge.fr\/wp-content\/uploads\/2024\/11\/LazareMeradec.pdf\" >\n\t\t\t\t\t\t\tL'histoire v\u00e9ritable <\/br>de Lazare M\u00e9radec\t\t\t\t\t\t<\/a>\n\t\t\t\t\t<\/h4>\n\t\t\t\t\n\t\t\t\t\t\t\t\t\t<p class=\"elementor-icon-box-description\">\n\t\t\t\t\t\tExtrait\t\t\t\t\t<\/p>\n\t\t\t\t\n\t\t\t<\/div>\n\t\t\t\n\t\t<\/div>\n\t\t\t\t<\/div>\n\t\t\t\t<\/div>\n\t\t\t\t<div class=\"elementor-element elementor-element-8bca5f5 elementor-widget elementor-widget-icon-box\" data-id=\"8bca5f5\" data-element_type=\"widget\" data-widget_type=\"icon-box.default\">\n\t\t\t\t<div class=\"elementor-widget-container\">\n\t\t\t\t\t<div class=\"elementor-icon-box-wrapper\">\n\n\t\t\t\n\t\t\t\t\t\t<div class=\"elementor-icon-box-content\">\n\n\t\t\t\t\t\t\t\t\t<h4 class=\"elementor-icon-box-title\">\n\t\t\t\t\t\t<a href=\"https:\/\/www.jacques-lafarge.fr\/wp-content\/uploads\/2024\/11\/TestamentDissasara.pdf\" >\n\t\t\t\t\t\t\tLe testament<\/br> d'Issasara\t\t\t\t\t\t<\/a>\n\t\t\t\t\t<\/h4>\n\t\t\t\t\n\t\t\t\t\t\t\t\t\t<p class=\"elementor-icon-box-description\">\n\t\t\t\t\t\t\nExtrait\t\t\t\t\t<\/p>\n\t\t\t\t\n\t\t\t<\/div>\n\t\t\t\n\t\t<\/div>\n\t\t\t\t<\/div>\n\t\t\t\t<\/div>\n\t\t\t\t<div class=\"elementor-element elementor-element-100cb75 elementor-widget elementor-widget-icon-box\" data-id=\"100cb75\" data-element_type=\"widget\" data-widget_type=\"icon-box.default\">\n\t\t\t\t<div class=\"elementor-widget-container\">\n\t\t\t\t\t<div class=\"elementor-icon-box-wrapper\">\n\n\t\t\t\n\t\t\t\t\t\t<div class=\"elementor-icon-box-content\">\n\n\t\t\t\t\t\t\t\t\t<h4 class=\"elementor-icon-box-title\">\n\t\t\t\t\t\t<a href=\"https:\/\/www.jacques-lafarge.fr\/wp-content\/uploads\/2024\/11\/DoubleJe.pdf\" >\n\t\t\t\t\t\t\tDouble <\/br>Je\t\t\t\t\t\t<\/a>\n\t\t\t\t\t<\/h4>\n\t\t\t\t\n\t\t\t\t\t\t\t\t\t<p class=\"elementor-icon-box-description\">\n\t\t\t\t\t\tTexte Int\u00e9gral\t\t\t\t\t<\/p>\n\t\t\t\t\n\t\t\t<\/div>\n\t\t\t\n\t\t<\/div>\n\t\t\t\t<\/div>\n\t\t\t\t<\/div>\n\t\t\t\t<div class=\"elementor-element elementor-element-5d5b53be elementor-widget elementor-widget-icon-box\" data-id=\"5d5b53be\" data-element_type=\"widget\" data-widget_type=\"icon-box.default\">\n\t\t\t\t<div class=\"elementor-widget-container\">\n\t\t\t\t\t<div class=\"elementor-icon-box-wrapper\">\n\n\t\t\t\n\t\t\t\t\t\t<div class=\"elementor-icon-box-content\">\n\n\t\t\t\t\t\t\t\t\t<h4 class=\"elementor-icon-box-title\">\n\t\t\t\t\t\t<a href=\"https:\/\/www.jacques-lafarge.fr\/wp-content\/uploads\/2024\/11\/DiscriminationPositive.pdf\" >\n\t\t\t\t\t\t\tDiscrimination <\/br>positive\t\t\t\t\t\t<\/a>\n\t\t\t\t\t<\/h4>\n\t\t\t\t\n\t\t\t\t\t\t\t\t\t<p class=\"elementor-icon-box-description\">\n\t\t\t\t\t\tText int\u00e9gral\t\t\t\t\t<\/p>\n\t\t\t\t\n\t\t\t<\/div>\n\t\t\t\n\t\t<\/div>\n\t\t\t\t<\/div>\n\t\t\t\t<\/div>\n\t\t\t\t<div class=\"elementor-element elementor-element-788d6e7 elementor-widget elementor-widget-icon-box\" data-id=\"788d6e7\" data-element_type=\"widget\" data-widget_type=\"icon-box.default\">\n\t\t\t\t<div class=\"elementor-widget-container\">\n\t\t\t\t\t<div class=\"elementor-icon-box-wrapper\">\n\n\t\t\t\n\t\t\t\t\t\t<div class=\"elementor-icon-box-content\">\n\n\t\t\t\t\t\t\t\t\t<h4 class=\"elementor-icon-box-title\">\n\t\t\t\t\t\t<a href=\"https:\/\/www.jacques-lafarge.fr\/wp-content\/uploads\/2024\/11\/PlaneteAVendre.pdf\" >\n\t\t\t\t\t\t\tPlan\u00e8te \u00e0 <\/br>vendre\t\t\t\t\t\t<\/a>\n\t\t\t\t\t<\/h4>\n\t\t\t\t\n\t\t\t\t\t\t\t\t\t<p class=\"elementor-icon-box-description\">\n\t\t\t\t\t\tTexte int\u00e9gral\t\t\t\t\t<\/p>\n\t\t\t\t\n\t\t\t<\/div>\n\t\t\t\n\t\t<\/div>\n\t\t\t\t<\/div>\n\t\t\t\t<\/div>\n\t\t\t\t<div class=\"elementor-element elementor-element-460ca76e elementor-widget elementor-widget-icon-box\" data-id=\"460ca76e\" data-element_type=\"widget\" data-widget_type=\"icon-box.default\">\n\t\t\t\t<div class=\"elementor-widget-container\">\n\t\t\t\t\t<div class=\"elementor-icon-box-wrapper\">\n\n\t\t\t\n\t\t\t\t\t\t<div class=\"elementor-icon-box-content\">\n\n\t\t\t\t\t\t\t\t\t<h4 class=\"elementor-icon-box-title\">\n\t\t\t\t\t\t<a href=\"https:\/\/www.jacques-lafarge.fr\/wp-content\/uploads\/2024\/11\/LeCoachMalgreLui.pdf\" >\n\t\t\t\t\t\t\tLe coach <\/br>malgr\u00e9 lui\t\t\t\t\t\t<\/a>\n\t\t\t\t\t<\/h4>\n\t\t\t\t\n\t\t\t\t\t\t\t\t\t<p class=\"elementor-icon-box-description\">\n\t\t\t\t\t\tText int\u00e9gral\t\t\t\t\t<\/p>\n\t\t\t\t\n\t\t\t<\/div>\n\t\t\t\n\t\t<\/div>\n\t\t\t\t<\/div>\n\t\t\t\t<\/div>\n\t\t\t\t<div class=\"elementor-element elementor-element-27d28cdf elementor-widget elementor-widget-icon-box\" data-id=\"27d28cdf\" data-element_type=\"widget\" data-widget_type=\"icon-box.default\">\n\t\t\t\t<div class=\"elementor-widget-container\">\n\t\t\t\t\t<div class=\"elementor-icon-box-wrapper\">\n\n\t\t\t\n\t\t\t\t\t\t<div class=\"elementor-icon-box-content\">\n\n\t\t\t\t\t\t\t\t\t<h4 class=\"elementor-icon-box-title\">\n\t\t\t\t\t\t<a href=\"https:\/\/www.jacques-lafarge.fr\/wp-content\/uploads\/2024\/11\/MonMinistrePrefere.pdf\" >\n\t\t\t\t\t\t\tMon ministre<\/br> pr\u00e9f\u00e9r\u00e9\t\t\t\t\t\t<\/a>\n\t\t\t\t\t<\/h4>\n\t\t\t\t\n\t\t\t\t\t\t\t\t\t<p class=\"elementor-icon-box-description\">\n\t\t\t\t\t\tExtrait\t\t\t\t\t<\/p>\n\t\t\t\t\n\t\t\t<\/div>\n\t\t\t\n\t\t<\/div>\n\t\t\t\t<\/div>\n\t\t\t\t<\/div>\n\t\t\t\t<\/div>\n\t\t\t\t<\/div>\n\t\t\t\t\t<\/details>\n\t\t\t\t\t<\/div>\n\t\t\t\t<\/div>\n\t\t\t\t<\/div>\n\t\t\t\t\t<\/div>\n\t\t\t\t<\/div>\n\t\t\t\t<\/div>\n\t\t","protected":false},"excerpt":{"rendered":"<p>Estelle Bousquet The acting is remarkable and the pep that emanates from it makes you want to dance and sing from your seat. THE COACH DESPITE HIMSELF TODAY, THE DOCTOR DESPITE HIMSELF IS CALLED A COACH L\u00e9on, chronically unemployed, spends more time at the bistro than looking for a job. His nonchalant attitude annoys his [&hellip;]<\/p>\n","protected":false},"author":1,"featured_media":0,"parent":0,"menu_order":0,"comment_status":"closed","ping_status":"closed","template":"elementor_theme","meta":{"footnotes":""},"class_list":["post-691","page","type-page","status-publish","hentry"],"yoast_head":"<!-- This site is optimized with the Yoast SEO plugin v23.8 - https:\/\/yoast.com\/wordpress\/plugins\/seo\/ -->\n<title>The coach despite himself - Jacques Lafarge<\/title>\n<meta name=\"robots\" content=\"index, follow, max-snippet:-1, max-image-preview:large, max-video-preview:-1\" \/>\n<link rel=\"canonical\" href=\"https:\/\/www.jacques-lafarge.fr\/en\/le-coach-malgre-lui\/\" \/>\n<meta property=\"og:locale\" content=\"en_US\" \/>\n<meta property=\"og:type\" content=\"article\" \/>\n<meta property=\"og:title\" content=\"The coach despite himself - Jacques Lafarge\" \/>\n<meta property=\"og:description\" content=\"Estelle Bousquet The acting is remarkable and the pep that emanates from it makes you want to dance and sing from your seat. THE COACH DESPITE HIMSELF TODAY, THE DOCTOR DESPITE HIMSELF IS CALLED A COACH L\u00e9on, chronically unemployed, spends more time at the bistro than looking for a job. His nonchalant attitude annoys his [&hellip;]\" \/>\n<meta property=\"og:url\" content=\"https:\/\/www.jacques-lafarge.fr\/en\/le-coach-malgre-lui\/\" \/>\n<meta property=\"og:site_name\" content=\"Jacques Lafarge\" \/>\n<meta property=\"article:modified_time\" content=\"2024-11-13T18:16:56+00:00\" \/>\n<meta property=\"og:image\" content=\"https:\/\/www.jacques-lafarge.fr\/wp-content\/uploads\/2024\/10\/quote.png\" \/>\n\t<meta property=\"og:image:width\" content=\"105\" \/>\n\t<meta property=\"og:image:height\" content=\"73\" \/>\n\t<meta property=\"og:image:type\" content=\"image\/png\" \/>\n<meta name=\"twitter:card\" content=\"summary_large_image\" \/>\n<meta name=\"twitter:label1\" content=\"Est. reading time\" \/>\n\t<meta name=\"twitter:data1\" content=\"2 minutes\" \/>\n<script type=\"application\/ld+json\" class=\"yoast-schema-graph\">{\"@context\":\"https:\/\/schema.org\",\"@graph\":[{\"@type\":\"WebPage\",\"@id\":\"https:\/\/www.jacques-lafarge.fr\/en\/le-coach-malgre-lui\/\",\"url\":\"https:\/\/www.jacques-lafarge.fr\/en\/le-coach-malgre-lui\/\",\"name\":\"The coach despite himself - Jacques Lafarge\",\"isPartOf\":{\"@id\":\"https:\/\/www.jacques-lafarge.fr\/en\/#website\"},\"primaryImageOfPage\":{\"@id\":\"https:\/\/www.jacques-lafarge.fr\/en\/le-coach-malgre-lui\/#primaryimage\"},\"image\":{\"@id\":\"https:\/\/www.jacques-lafarge.fr\/en\/le-coach-malgre-lui\/#primaryimage\"},\"thumbnailUrl\":\"https:\/\/www.jacques-lafarge.fr\/wp-content\/uploads\/2024\/10\/quote.png\",\"datePublished\":\"2024-10-29T21:57:55+00:00\",\"dateModified\":\"2024-11-13T18:16:56+00:00\",\"breadcrumb\":{\"@id\":\"https:\/\/www.jacques-lafarge.fr\/en\/le-coach-malgre-lui\/#breadcrumb\"},\"inLanguage\":\"en-US\",\"potentialAction\":[{\"@type\":\"ReadAction\",\"target\":[\"https:\/\/www.jacques-lafarge.fr\/en\/le-coach-malgre-lui\/\"]}]},{\"@type\":\"ImageObject\",\"inLanguage\":\"en-US\",\"@id\":\"https:\/\/www.jacques-lafarge.fr\/en\/le-coach-malgre-lui\/#primaryimage\",\"url\":\"https:\/\/www.jacques-lafarge.fr\/wp-content\/uploads\/2024\/10\/quote.png\",\"contentUrl\":\"https:\/\/www.jacques-lafarge.fr\/wp-content\/uploads\/2024\/10\/quote.png\"},{\"@type\":\"BreadcrumbList\",\"@id\":\"https:\/\/www.jacques-lafarge.fr\/en\/le-coach-malgre-lui\/#breadcrumb\",\"itemListElement\":[{\"@type\":\"ListItem\",\"position\":1,\"name\":\"Accueil\",\"item\":\"https:\/\/www.jacques-lafarge.fr\/en\/\"},{\"@type\":\"ListItem\",\"position\":2,\"name\":\"The coach despite himself\"}]},{\"@type\":\"WebSite\",\"@id\":\"https:\/\/www.jacques-lafarge.fr\/en\/#website\",\"url\":\"https:\/\/www.jacques-lafarge.fr\/en\/\",\"name\":\"Jacques Lafarge\",\"description\":\"\",\"publisher\":{\"@id\":\"https:\/\/www.jacques-lafarge.fr\/en\/#organization\"},\"potentialAction\":[{\"@type\":\"SearchAction\",\"target\":{\"@type\":\"EntryPoint\",\"urlTemplate\":\"https:\/\/www.jacques-lafarge.fr\/en\/?s={search_term_string}\"},\"query-input\":{\"@type\":\"PropertyValueSpecification\",\"valueRequired\":true,\"valueName\":\"search_term_string\"}}],\"inLanguage\":\"en-US\"},{\"@type\":\"Organization\",\"@id\":\"https:\/\/www.jacques-lafarge.fr\/en\/#organization\",\"name\":\"Jacques Lafarge\",\"url\":\"https:\/\/www.jacques-lafarge.fr\/en\/\",\"logo\":{\"@type\":\"ImageObject\",\"inLanguage\":\"en-US\",\"@id\":\"https:\/\/www.jacques-lafarge.fr\/en\/#\/schema\/logo\/image\/\",\"url\":\"https:\/\/www.jacques-lafarge.fr\/wp-content\/uploads\/2024\/10\/cropped-cropped-Logo-jacques-lafarge.png\",\"contentUrl\":\"https:\/\/www.jacques-lafarge.fr\/wp-content\/uploads\/2024\/10\/cropped-cropped-Logo-jacques-lafarge.png\",\"width\":875,\"height\":250,\"caption\":\"Jacques Lafarge\"},\"image\":{\"@id\":\"https:\/\/www.jacques-lafarge.fr\/en\/#\/schema\/logo\/image\/\"}}]}<\/script>\n<!-- \/ Yoast SEO plugin. -->","yoast_head_json":{"title":"The coach despite himself - Jacques Lafarge","robots":{"index":"index","follow":"follow","max-snippet":"max-snippet:-1","max-image-preview":"max-image-preview:large","max-video-preview":"max-video-preview:-1"},"canonical":"https:\/\/www.jacques-lafarge.fr\/en\/le-coach-malgre-lui\/","og_locale":"en_US","og_type":"article","og_title":"The coach despite himself - Jacques Lafarge","og_description":"Estelle Bousquet The acting is remarkable and the pep that emanates from it makes you want to dance and sing from your seat. THE COACH DESPITE HIMSELF TODAY, THE DOCTOR DESPITE HIMSELF IS CALLED A COACH L\u00e9on, chronically unemployed, spends more time at the bistro than looking for a job. His nonchalant attitude annoys his [&hellip;]","og_url":"https:\/\/www.jacques-lafarge.fr\/en\/le-coach-malgre-lui\/","og_site_name":"Jacques Lafarge","article_modified_time":"2024-11-13T18:16:56+00:00","og_image":[{"width":105,"height":73,"url":"https:\/\/www.jacques-lafarge.fr\/wp-content\/uploads\/2024\/10\/quote.png","type":"image\/png"}],"twitter_card":"summary_large_image","twitter_misc":{"Est. reading time":"2 minutes"},"schema":{"@context":"https:\/\/schema.org","@graph":[{"@type":"WebPage","@id":"https:\/\/www.jacques-lafarge.fr\/en\/le-coach-malgre-lui\/","url":"https:\/\/www.jacques-lafarge.fr\/en\/le-coach-malgre-lui\/","name":"The coach despite himself - Jacques Lafarge","isPartOf":{"@id":"https:\/\/www.jacques-lafarge.fr\/en\/#website"},"primaryImageOfPage":{"@id":"https:\/\/www.jacques-lafarge.fr\/en\/le-coach-malgre-lui\/#primaryimage"},"image":{"@id":"https:\/\/www.jacques-lafarge.fr\/en\/le-coach-malgre-lui\/#primaryimage"},"thumbnailUrl":"https:\/\/www.jacques-lafarge.fr\/wp-content\/uploads\/2024\/10\/quote.png","datePublished":"2024-10-29T21:57:55+00:00","dateModified":"2024-11-13T18:16:56+00:00","breadcrumb":{"@id":"https:\/\/www.jacques-lafarge.fr\/en\/le-coach-malgre-lui\/#breadcrumb"},"inLanguage":"en-US","potentialAction":[{"@type":"ReadAction","target":["https:\/\/www.jacques-lafarge.fr\/en\/le-coach-malgre-lui\/"]}]},{"@type":"ImageObject","inLanguage":"en-US","@id":"https:\/\/www.jacques-lafarge.fr\/en\/le-coach-malgre-lui\/#primaryimage","url":"https:\/\/www.jacques-lafarge.fr\/wp-content\/uploads\/2024\/10\/quote.png","contentUrl":"https:\/\/www.jacques-lafarge.fr\/wp-content\/uploads\/2024\/10\/quote.png"},{"@type":"BreadcrumbList","@id":"https:\/\/www.jacques-lafarge.fr\/en\/le-coach-malgre-lui\/#breadcrumb","itemListElement":[{"@type":"ListItem","position":1,"name":"Accueil","item":"https:\/\/www.jacques-lafarge.fr\/en\/"},{"@type":"ListItem","position":2,"name":"The coach despite himself"}]},{"@type":"WebSite","@id":"https:\/\/www.jacques-lafarge.fr\/en\/#website","url":"https:\/\/www.jacques-lafarge.fr\/en\/","name":"Jacques Lafarge","description":"","publisher":{"@id":"https:\/\/www.jacques-lafarge.fr\/en\/#organization"},"potentialAction":[{"@type":"SearchAction","target":{"@type":"EntryPoint","urlTemplate":"https:\/\/www.jacques-lafarge.fr\/en\/?s={search_term_string}"},"query-input":{"@type":"PropertyValueSpecification","valueRequired":true,"valueName":"search_term_string"}}],"inLanguage":"en-US"},{"@type":"Organization","@id":"https:\/\/www.jacques-lafarge.fr\/en\/#organization","name":"Jacques Lafarge","url":"https:\/\/www.jacques-lafarge.fr\/en\/","logo":{"@type":"ImageObject","inLanguage":"en-US","@id":"https:\/\/www.jacques-lafarge.fr\/en\/#\/schema\/logo\/image\/","url":"https:\/\/www.jacques-lafarge.fr\/wp-content\/uploads\/2024\/10\/cropped-cropped-Logo-jacques-lafarge.png","contentUrl":"https:\/\/www.jacques-lafarge.fr\/wp-content\/uploads\/2024\/10\/cropped-cropped-Logo-jacques-lafarge.png","width":875,"height":250,"caption":"Jacques Lafarge"},"image":{"@id":"https:\/\/www.jacques-lafarge.fr\/en\/#\/schema\/logo\/image\/"}}]}},"_links":{"self":[{"href":"https:\/\/www.jacques-lafarge.fr\/en\/wp-json\/wp\/v2\/pages\/691","targetHints":{"allow":["GET"]}}],"collection":[{"href":"https:\/\/www.jacques-lafarge.fr\/en\/wp-json\/wp\/v2\/pages"}],"about":[{"href":"https:\/\/www.jacques-lafarge.fr\/en\/wp-json\/wp\/v2\/types\/page"}],"author":[{"embeddable":true,"href":"https:\/\/www.jacques-lafarge.fr\/en\/wp-json\/wp\/v2\/users\/1"}],"replies":[{"embeddable":true,"href":"https:\/\/www.jacques-lafarge.fr\/en\/wp-json\/wp\/v2\/comments?post=691"}],"version-history":[{"count":23,"href":"https:\/\/www.jacques-lafarge.fr\/en\/wp-json\/wp\/v2\/pages\/691\/revisions"}],"predecessor-version":[{"id":1028,"href":"https:\/\/www.jacques-lafarge.fr\/en\/wp-json\/wp\/v2\/pages\/691\/revisions\/1028"}],"wp:attachment":[{"href":"https:\/\/www.jacques-lafarge.fr\/en\/wp-json\/wp\/v2\/media?parent=691"}],"curies":[{"name":"wp","href":"https:\/\/api.w.org\/{rel}","templated":true}]}}