{"id":653,"date":"2024-10-27T23:34:45","date_gmt":"2024-10-27T22:34:45","guid":{"rendered":"https:\/\/www.jacques-lafarge.fr\/double-je\/"},"modified":"2025-03-27T09:08:59","modified_gmt":"2025-03-27T08:08:59","slug":"double-je","status":"publish","type":"page","link":"https:\/\/www.jacques-lafarge.fr\/en\/double-je\/","title":{"rendered":"Double I"},"content":{"rendered":"\t\t<div data-elementor-type=\"wp-page\" data-elementor-id=\"653\" class=\"elementor elementor-653 elementor-153\">\n\t\t\t\t<div class=\"elementor-element elementor-element-54657c38 e-con-full e-flex e-con e-parent\" data-id=\"54657c38\" data-element_type=\"container\">\n\t\t<div class=\"elementor-element elementor-element-6118e8f7 e-con-full e-flex e-con e-child\" data-id=\"6118e8f7\" data-element_type=\"container\" data-settings=\"{&quot;background_background&quot;:&quot;classic&quot;}\">\n\t\t\t\t<div class=\"elementor-element elementor-element-172f6aa5 elementor-widget elementor-widget-image\" data-id=\"172f6aa5\" data-element_type=\"widget\" data-widget_type=\"image.default\">\n\t\t\t\t<div class=\"elementor-widget-container\">\n\t\t\t\t\t\t\t\t\t\t\t\t\t<img decoding=\"async\" width=\"105\" height=\"73\" src=\"https:\/\/www.jacques-lafarge.fr\/wp-content\/uploads\/2024\/10\/quote.png\" class=\"attachment-large size-large wp-image-74\" alt=\"\" \/>\t\t\t\t\t\t\t\t\t\t\t\t\t<\/div>\n\t\t\t\t<\/div>\n\t\t\t\t<div class=\"elementor-element elementor-element-705127fc elementor-widget elementor-widget-text-editor\" data-id=\"705127fc\" data-element_type=\"widget\" data-widget_type=\"text-editor.default\">\n\t\t\t\t<div class=\"elementor-widget-container\">\n\t\t\t\t\t\t\t<h4 class=\"wwP11\"><strong>Opinion of the JURY<\/strong><\/h4><p class=\"wwP11\">A story rooted in everyday life, in what we don&#8217;t usually notice&#8230; Then a shift, nothing is quite the same. Speed, puns (not too much), a perfect structure. Right on topic.<\/p>\t\t\t\t\t\t<\/div>\n\t\t\t\t<\/div>\n\t\t\t\t<\/div>\n\t\t<div class=\"elementor-element elementor-element-1b071eee e-con-full e-flex e-con e-child\" data-id=\"1b071eee\" data-element_type=\"container\">\n\t\t\t\t<div class=\"elementor-element elementor-element-5f5980a5 elementor-widget elementor-widget-image\" data-id=\"5f5980a5\" data-element_type=\"widget\" data-widget_type=\"image.default\">\n\t\t\t\t<div class=\"elementor-widget-container\">\n\t\t\t\t\t\t\t\t\t\t\t\t\t<img fetchpriority=\"high\" decoding=\"async\" width=\"800\" height=\"369\" src=\"https:\/\/www.jacques-lafarge.fr\/wp-content\/uploads\/2025\/02\/visuel-double-je.jpg\" class=\"attachment-large size-large wp-image-1353\" alt=\"\" srcset=\"https:\/\/www.jacques-lafarge.fr\/wp-content\/uploads\/2025\/02\/visuel-double-je.jpg 970w, https:\/\/www.jacques-lafarge.fr\/wp-content\/uploads\/2025\/02\/visuel-double-je-300x138.jpg 300w, https:\/\/www.jacques-lafarge.fr\/wp-content\/uploads\/2025\/02\/visuel-double-je-768x354.jpg 768w\" sizes=\"(max-width: 800px) 100vw, 800px\" \/>\t\t\t\t\t\t\t\t\t\t\t\t\t<\/div>\n\t\t\t\t<\/div>\n\t\t<div class=\"elementor-element elementor-element-79aa2548 e-con-full e-flex e-con e-child\" data-id=\"79aa2548\" data-element_type=\"container\">\n\t\t\t\t<div class=\"elementor-element elementor-element-67958c4f elementor-widget elementor-widget-text-editor\" data-id=\"67958c4f\" data-element_type=\"widget\" data-widget_type=\"text-editor.default\">\n\t\t\t\t<div class=\"elementor-widget-container\">\n\t\t\t\t\t\t\t<div class=\"et_pb_row_inner et_pb_row_inner_0_tb_body et_pb_gutters2\"><div class=\"et_pb_column et_pb_column_4_4 et_pb_column_inner et_pb_column_inner_0_tb_body et-last-child\"><div class=\"et_pb_module et_pb_text et_pb_text_1_tb_body article-title et_pb_text_align_center et_pb_bg_layout_light\"><div class=\"et_pb_text_inner\"><p class=\"wwP11\">WHAT IF &#8220;ME&#8221; REPLACES &#8220;I&#8221;?<\/p><h3 class=\"wwP11\">WHO IS I, WHO IS ME?<\/h3><p class=\"wwP11\">Many current turn of phrase express a curious duplication of our person.<\/p><p class=\"wwP11\">In \u201cI can\u2019t prevent myself\u2026\u201d, who prevents and who is prevented? Where are we when \u201cwe are beside ourselves\u201d?<\/p><p class=\"wwP11\">To find it out, read &#8220;Who is I, who is Me?&#8221; by clicking on the icon below.<\/p><p class=\"wwP11\">\u201cWho is I, who is Me?\u201d won the 4th prize in the competition organized in 2016 by the Monbestseller.com website on the theme \u201cMy double took my place\u201d.<\/p><\/div><\/div><\/div><\/div>\t\t\t\t\t\t<\/div>\n\t\t\t\t<\/div>\n\t\t\t\t<\/div>\n\t\t\t\t<\/div>\n\t\t<div class=\"elementor-element elementor-element-720430c3 e-con-full e-flex e-con e-child\" data-id=\"720430c3\" data-element_type=\"container\">\n\t\t\t\t<div class=\"elementor-element elementor-element-534e2f90 elementor-widget elementor-widget-image\" data-id=\"534e2f90\" data-element_type=\"widget\" data-widget_type=\"image.default\">\n\t\t\t\t<div class=\"elementor-widget-container\">\n\t\t\t\t\t\t\t\t\t\t\t\t\t<img decoding=\"async\" width=\"326\" height=\"462\" src=\"https:\/\/www.jacques-lafarge.fr\/wp-content\/uploads\/2024\/10\/DoubleJe.jpg\" class=\"attachment-large size-large wp-image-157\" alt=\"\" srcset=\"https:\/\/www.jacques-lafarge.fr\/wp-content\/uploads\/2024\/10\/DoubleJe.jpg 326w, https:\/\/www.jacques-lafarge.fr\/wp-content\/uploads\/2024\/10\/DoubleJe-212x300.jpg 212w\" sizes=\"(max-width: 326px) 100vw, 326px\" \/>\t\t\t\t\t\t\t\t\t\t\t\t\t<\/div>\n\t\t\t\t<\/div>\n\t\t\t\t<div class=\"elementor-element elementor-element-9fff13c elementor-view-stacked elementor-shape-circle elementor-position-top elementor-mobile-position-top elementor-widget elementor-widget-icon-box\" data-id=\"9fff13c\" data-element_type=\"widget\" data-widget_type=\"icon-box.default\">\n\t\t\t\t<div class=\"elementor-widget-container\">\n\t\t\t\t\t<div class=\"elementor-icon-box-wrapper\">\n\n\t\t\t\t\t\t<div class=\"elementor-icon-box-icon\">\n\t\t\t\t<a href=\"https:\/\/www.jacques-lafarge.fr\/wp-content\/uploads\/2025\/02\/Who-is-I-who-is-me.pdf\" target=\"_blank\" class=\"elementor-icon elementor-animation-\" tabindex=\"-1\">\n\t\t\t\t<svg aria-hidden=\"true\" class=\"e-font-icon-svg e-fas-file-download\" viewBox=\"0 0 384 512\" xmlns=\"http:\/\/www.w3.org\/2000\/svg\"><path d=\"M224 136V0H24C10.7 0 0 10.7 0 24v464c0 13.3 10.7 24 24 24h336c13.3 0 24-10.7 24-24V160H248c-13.2 0-24-10.8-24-24zm76.45 211.36l-96.42 95.7c-6.65 6.61-17.39 6.61-24.04 0l-96.42-95.7C73.42 337.29 80.54 320 94.82 320H160v-80c0-8.84 7.16-16 16-16h32c8.84 0 16 7.16 16 16v80h65.18c14.28 0 21.4 17.29 11.27 27.36zM377 105L279.1 7c-4.5-4.5-10.6-7-17-7H256v128h128v-6.1c0-6.3-2.5-12.4-7-16.9z\"><\/path><\/svg>\t\t\t\t<\/a>\n\t\t\t<\/div>\n\t\t\t\n\t\t\t\t\t\t<div class=\"elementor-icon-box-content\">\n\n\t\t\t\t\t\t\t\t\t<h3 class=\"elementor-icon-box-title\">\n\t\t\t\t\t\t<a href=\"https:\/\/www.jacques-lafarge.fr\/wp-content\/uploads\/2025\/02\/Who-is-I-who-is-me.pdf\" target=\"_blank\" >\n\t\t\t\t\t\t\tDownload the text \t\t\t\t\t\t<\/a>\n\t\t\t\t\t<\/h3>\n\t\t\t\t\n\t\t\t\t\n\t\t\t<\/div>\n\t\t\t\n\t\t<\/div>\n\t\t\t\t<\/div>\n\t\t\t\t<\/div>\n\t\t\t\t<\/div>\n\t\t\t\t<\/div>\n\t\t<div class=\"elementor-element elementor-element-7e97b50 elementor-hidden-desktop elementor-hidden-tablet elementor-hidden-mobile e-flex e-con-boxed e-con e-parent\" data-id=\"7e97b50\" data-element_type=\"container\" data-settings=\"{&quot;background_background&quot;:&quot;classic&quot;}\">\n\t\t\t\t\t<div class=\"e-con-inner\">\n\t\t\t\t<div class=\"elementor-element elementor-element-6dc7b55d elementor-widget elementor-widget-n-accordion\" data-id=\"6dc7b55d\" data-element_type=\"widget\" data-settings=\"{&quot;default_state&quot;:&quot;all_collapsed&quot;,&quot;max_items_expended&quot;:&quot;one&quot;,&quot;n_accordion_animation_duration&quot;:{&quot;unit&quot;:&quot;ms&quot;,&quot;size&quot;:400,&quot;sizes&quot;:[]}}\" data-widget_type=\"nested-accordion.default\">\n\t\t\t\t<div class=\"elementor-widget-container\">\n\t\t\t\t\t<div class=\"e-n-accordion\" aria-label=\"Accordion. Open links with Enter or Space, close with Escape, and navigate with Arrow Keys\">\n\t\t\t\t\t\t<details id=\"e-n-accordion-item-1840\" class=\"e-n-accordion-item\" >\n\t\t\t\t<summary class=\"e-n-accordion-item-title\" data-accordion-index=\"1\" tabindex=\"0\" aria-expanded=\"false\" aria-controls=\"e-n-accordion-item-1840\" >\n\t\t\t\t\t<span class='e-n-accordion-item-title-header'><div class=\"e-n-accordion-item-title-text\"> T\u00e9l\u00e9charger un texte <\/div><\/span>\n\t\t\t\t\t\t\t<span class='e-n-accordion-item-title-icon'>\n\t\t\t<span class='e-opened' ><svg aria-hidden=\"true\" class=\"e-font-icon-svg e-fas-level-up-alt\" viewBox=\"0 0 320 512\" xmlns=\"http:\/\/www.w3.org\/2000\/svg\"><path d=\"M313.553 119.669L209.587 7.666c-9.485-10.214-25.676-10.229-35.174 0L70.438 119.669C56.232 134.969 67.062 160 88.025 160H152v272H68.024a11.996 11.996 0 0 0-8.485 3.515l-56 56C-4.021 499.074 1.333 512 12.024 512H208c13.255 0 24-10.745 24-24V160h63.966c20.878 0 31.851-24.969 17.587-40.331z\"><\/path><\/svg><\/span>\n\t\t\t<span class='e-closed'><svg aria-hidden=\"true\" class=\"e-font-icon-svg e-fas-file-download\" viewBox=\"0 0 384 512\" xmlns=\"http:\/\/www.w3.org\/2000\/svg\"><path d=\"M224 136V0H24C10.7 0 0 10.7 0 24v464c0 13.3 10.7 24 24 24h336c13.3 0 24-10.7 24-24V160H248c-13.2 0-24-10.8-24-24zm76.45 211.36l-96.42 95.7c-6.65 6.61-17.39 6.61-24.04 0l-96.42-95.7C73.42 337.29 80.54 320 94.82 320H160v-80c0-8.84 7.16-16 16-16h32c8.84 0 16 7.16 16 16v80h65.18c14.28 0 21.4 17.29 11.27 27.36zM377 105L279.1 7c-4.5-4.5-10.6-7-17-7H256v128h128v-6.1c0-6.3-2.5-12.4-7-16.9z\"><\/path><\/svg><\/span>\n\t\t<\/span>\n\n\t\t\t\t\t\t<\/summary>\n\t\t\t\t<div role=\"region\" aria-labelledby=\"e-n-accordion-item-1840\" class=\"elementor-element elementor-element-c2f26ca e-con-full e-flex e-con e-child\" data-id=\"c2f26ca\" data-element_type=\"container\">\n\t\t<div role=\"region\" aria-labelledby=\"e-n-accordion-item-1840\" class=\"elementor-element elementor-element-27857fa8 e-grid e-con-full e-con e-child\" data-id=\"27857fa8\" data-element_type=\"container\">\n\t\t\t\t<div class=\"elementor-element elementor-element-2bc01f2a elementor-widget elementor-widget-icon-box\" data-id=\"2bc01f2a\" data-element_type=\"widget\" data-widget_type=\"icon-box.default\">\n\t\t\t\t<div class=\"elementor-widget-container\">\n\t\t\t\t\t<div class=\"elementor-icon-box-wrapper\">\n\n\t\t\t\n\t\t\t\t\t\t<div class=\"elementor-icon-box-content\">\n\n\t\t\t\t\t\t\t\t\t<h4 class=\"elementor-icon-box-title\">\n\t\t\t\t\t\t<a href=\"https:\/\/www.jacques-lafarge.fr\/wp-content\/uploads\/2024\/11\/LazareMeradec.pdf\" >\n\t\t\t\t\t\t\tL'histoire v\u00e9ritable <\/br>de Lazare M\u00e9radec\t\t\t\t\t\t<\/a>\n\t\t\t\t\t<\/h4>\n\t\t\t\t\n\t\t\t\t\t\t\t\t\t<p class=\"elementor-icon-box-description\">\n\t\t\t\t\t\tExtrait\t\t\t\t\t<\/p>\n\t\t\t\t\n\t\t\t<\/div>\n\t\t\t\n\t\t<\/div>\n\t\t\t\t<\/div>\n\t\t\t\t<\/div>\n\t\t\t\t<div class=\"elementor-element elementor-element-668b2175 elementor-widget elementor-widget-icon-box\" data-id=\"668b2175\" data-element_type=\"widget\" data-widget_type=\"icon-box.default\">\n\t\t\t\t<div class=\"elementor-widget-container\">\n\t\t\t\t\t<div class=\"elementor-icon-box-wrapper\">\n\n\t\t\t\n\t\t\t\t\t\t<div class=\"elementor-icon-box-content\">\n\n\t\t\t\t\t\t\t\t\t<h4 class=\"elementor-icon-box-title\">\n\t\t\t\t\t\t<a href=\"https:\/\/www.jacques-lafarge.fr\/wp-content\/uploads\/2024\/11\/TestamentDissasara.pdf\" >\n\t\t\t\t\t\t\tLe testament<\/br> d'Issasara\t\t\t\t\t\t<\/a>\n\t\t\t\t\t<\/h4>\n\t\t\t\t\n\t\t\t\t\t\t\t\t\t<p class=\"elementor-icon-box-description\">\n\t\t\t\t\t\t\nExtrait\t\t\t\t\t<\/p>\n\t\t\t\t\n\t\t\t<\/div>\n\t\t\t\n\t\t<\/div>\n\t\t\t\t<\/div>\n\t\t\t\t<\/div>\n\t\t\t\t<div class=\"elementor-element elementor-element-6d6aec56 elementor-widget elementor-widget-icon-box\" data-id=\"6d6aec56\" data-element_type=\"widget\" data-widget_type=\"icon-box.default\">\n\t\t\t\t<div class=\"elementor-widget-container\">\n\t\t\t\t\t<div class=\"elementor-icon-box-wrapper\">\n\n\t\t\t\n\t\t\t\t\t\t<div class=\"elementor-icon-box-content\">\n\n\t\t\t\t\t\t\t\t\t<h4 class=\"elementor-icon-box-title\">\n\t\t\t\t\t\t<a href=\"https:\/\/www.jacques-lafarge.fr\/wp-content\/uploads\/2024\/11\/DoubleJe.pdf\" >\n\t\t\t\t\t\t\tDouble <\/br>Je\t\t\t\t\t\t<\/a>\n\t\t\t\t\t<\/h4>\n\t\t\t\t\n\t\t\t\t\t\t\t\t\t<p class=\"elementor-icon-box-description\">\n\t\t\t\t\t\tTexte Int\u00e9gral\t\t\t\t\t<\/p>\n\t\t\t\t\n\t\t\t<\/div>\n\t\t\t\n\t\t<\/div>\n\t\t\t\t<\/div>\n\t\t\t\t<\/div>\n\t\t\t\t<div class=\"elementor-element elementor-element-70e3ac2 elementor-widget elementor-widget-icon-box\" data-id=\"70e3ac2\" data-element_type=\"widget\" data-widget_type=\"icon-box.default\">\n\t\t\t\t<div class=\"elementor-widget-container\">\n\t\t\t\t\t<div class=\"elementor-icon-box-wrapper\">\n\n\t\t\t\n\t\t\t\t\t\t<div class=\"elementor-icon-box-content\">\n\n\t\t\t\t\t\t\t\t\t<h4 class=\"elementor-icon-box-title\">\n\t\t\t\t\t\t<a href=\"https:\/\/www.jacques-lafarge.fr\/wp-content\/uploads\/2024\/11\/DiscriminationPositive.pdf\" >\n\t\t\t\t\t\t\tDiscrimination <\/br>positive\t\t\t\t\t\t<\/a>\n\t\t\t\t\t<\/h4>\n\t\t\t\t\n\t\t\t\t\t\t\t\t\t<p class=\"elementor-icon-box-description\">\n\t\t\t\t\t\tText int\u00e9gral\t\t\t\t\t<\/p>\n\t\t\t\t\n\t\t\t<\/div>\n\t\t\t\n\t\t<\/div>\n\t\t\t\t<\/div>\n\t\t\t\t<\/div>\n\t\t\t\t<div class=\"elementor-element elementor-element-4855ca8a elementor-widget elementor-widget-icon-box\" data-id=\"4855ca8a\" data-element_type=\"widget\" data-widget_type=\"icon-box.default\">\n\t\t\t\t<div class=\"elementor-widget-container\">\n\t\t\t\t\t<div class=\"elementor-icon-box-wrapper\">\n\n\t\t\t\n\t\t\t\t\t\t<div class=\"elementor-icon-box-content\">\n\n\t\t\t\t\t\t\t\t\t<h4 class=\"elementor-icon-box-title\">\n\t\t\t\t\t\t<a href=\"https:\/\/www.jacques-lafarge.fr\/wp-content\/uploads\/2024\/11\/PlaneteAVendre.pdf\" >\n\t\t\t\t\t\t\tPlan\u00e8te \u00e0 <\/br>vendre\t\t\t\t\t\t<\/a>\n\t\t\t\t\t<\/h4>\n\t\t\t\t\n\t\t\t\t\t\t\t\t\t<p class=\"elementor-icon-box-description\">\n\t\t\t\t\t\tTexte int\u00e9gral\t\t\t\t\t<\/p>\n\t\t\t\t\n\t\t\t<\/div>\n\t\t\t\n\t\t<\/div>\n\t\t\t\t<\/div>\n\t\t\t\t<\/div>\n\t\t\t\t<div class=\"elementor-element elementor-element-72123c7 elementor-widget elementor-widget-icon-box\" data-id=\"72123c7\" data-element_type=\"widget\" data-widget_type=\"icon-box.default\">\n\t\t\t\t<div class=\"elementor-widget-container\">\n\t\t\t\t\t<div class=\"elementor-icon-box-wrapper\">\n\n\t\t\t\n\t\t\t\t\t\t<div class=\"elementor-icon-box-content\">\n\n\t\t\t\t\t\t\t\t\t<h4 class=\"elementor-icon-box-title\">\n\t\t\t\t\t\t<a href=\"https:\/\/www.jacques-lafarge.fr\/wp-content\/uploads\/2024\/11\/LeCoachMalgreLui.pdf\" >\n\t\t\t\t\t\t\tLe coach <\/br>malgr\u00e9 lui\t\t\t\t\t\t<\/a>\n\t\t\t\t\t<\/h4>\n\t\t\t\t\n\t\t\t\t\t\t\t\t\t<p class=\"elementor-icon-box-description\">\n\t\t\t\t\t\tText int\u00e9gral\t\t\t\t\t<\/p>\n\t\t\t\t\n\t\t\t<\/div>\n\t\t\t\n\t\t<\/div>\n\t\t\t\t<\/div>\n\t\t\t\t<\/div>\n\t\t\t\t<div class=\"elementor-element elementor-element-7f1247b elementor-widget elementor-widget-icon-box\" data-id=\"7f1247b\" data-element_type=\"widget\" data-widget_type=\"icon-box.default\">\n\t\t\t\t<div class=\"elementor-widget-container\">\n\t\t\t\t\t<div class=\"elementor-icon-box-wrapper\">\n\n\t\t\t\n\t\t\t\t\t\t<div class=\"elementor-icon-box-content\">\n\n\t\t\t\t\t\t\t\t\t<h4 class=\"elementor-icon-box-title\">\n\t\t\t\t\t\t<a href=\"https:\/\/www.jacques-lafarge.fr\/wp-content\/uploads\/2024\/11\/MonMinistrePrefere.pdf\" >\n\t\t\t\t\t\t\tMon ministre<\/br> pr\u00e9f\u00e9r\u00e9\t\t\t\t\t\t<\/a>\n\t\t\t\t\t<\/h4>\n\t\t\t\t\n\t\t\t\t\t\t\t\t\t<p class=\"elementor-icon-box-description\">\n\t\t\t\t\t\tExtrait\t\t\t\t\t<\/p>\n\t\t\t\t\n\t\t\t<\/div>\n\t\t\t\n\t\t<\/div>\n\t\t\t\t<\/div>\n\t\t\t\t<\/div>\n\t\t\t\t<\/div>\n\t\t\t\t<\/div>\n\t\t\t\t\t<\/details>\n\t\t\t\t\t<\/div>\n\t\t\t\t<\/div>\n\t\t\t\t<\/div>\n\t\t\t\t\t<\/div>\n\t\t\t\t<\/div>\n\t\t\t\t<\/div>\n\t\t","protected":false},"excerpt":{"rendered":"<p>Opinion of the JURY A story rooted in everyday life, in what we don&#8217;t usually notice&#8230; Then a shift, nothing is quite the same. Speed, puns (not too much), a perfect structure. Right on topic. WHAT IF &#8220;ME&#8221; REPLACES &#8220;I&#8221;? WHO IS I, WHO IS ME? Many current turn of phrase express a curious duplication [&hellip;]<\/p>\n","protected":false},"author":1,"featured_media":0,"parent":0,"menu_order":0,"comment_status":"closed","ping_status":"closed","template":"elementor_theme","meta":{"footnotes":""},"class_list":["post-653","page","type-page","status-publish","hentry"],"yoast_head":"<!-- This site is optimized with the Yoast SEO plugin v23.8 - https:\/\/yoast.com\/wordpress\/plugins\/seo\/ -->\n<title>Double I - Jacques Lafarge<\/title>\n<meta name=\"robots\" content=\"index, follow, max-snippet:-1, max-image-preview:large, max-video-preview:-1\" \/>\n<link rel=\"canonical\" href=\"https:\/\/www.jacques-lafarge.fr\/en\/double-je\/\" \/>\n<meta property=\"og:locale\" content=\"en_US\" \/>\n<meta property=\"og:type\" content=\"article\" \/>\n<meta property=\"og:title\" content=\"Double I - Jacques Lafarge\" \/>\n<meta property=\"og:description\" content=\"Opinion of the JURY A story rooted in everyday life, in what we don&#8217;t usually notice&#8230; Then a shift, nothing is quite the same. Speed, puns (not too much), a perfect structure. Right on topic. WHAT IF &#8220;ME&#8221; REPLACES &#8220;I&#8221;? WHO IS I, WHO IS ME? Many current turn of phrase express a curious duplication [&hellip;]\" \/>\n<meta property=\"og:url\" content=\"https:\/\/www.jacques-lafarge.fr\/en\/double-je\/\" \/>\n<meta property=\"og:site_name\" content=\"Jacques Lafarge\" \/>\n<meta property=\"article:modified_time\" content=\"2025-03-27T08:08:59+00:00\" \/>\n<meta property=\"og:image\" content=\"https:\/\/www.jacques-lafarge.fr\/wp-content\/uploads\/2024\/10\/quote.png\" \/>\n<meta name=\"twitter:card\" content=\"summary_large_image\" \/>\n<meta name=\"twitter:label1\" content=\"Est. reading time\" \/>\n\t<meta name=\"twitter:data1\" content=\"2 minutes\" \/>\n<script type=\"application\/ld+json\" class=\"yoast-schema-graph\">{\"@context\":\"https:\/\/schema.org\",\"@graph\":[{\"@type\":\"WebPage\",\"@id\":\"https:\/\/www.jacques-lafarge.fr\/en\/double-je\/\",\"url\":\"https:\/\/www.jacques-lafarge.fr\/en\/double-je\/\",\"name\":\"Double I - Jacques Lafarge\",\"isPartOf\":{\"@id\":\"https:\/\/www.jacques-lafarge.fr\/en\/#website\"},\"primaryImageOfPage\":{\"@id\":\"https:\/\/www.jacques-lafarge.fr\/en\/double-je\/#primaryimage\"},\"image\":{\"@id\":\"https:\/\/www.jacques-lafarge.fr\/en\/double-je\/#primaryimage\"},\"thumbnailUrl\":\"https:\/\/www.jacques-lafarge.fr\/wp-content\/uploads\/2024\/10\/quote.png\",\"datePublished\":\"2024-10-27T22:34:45+00:00\",\"dateModified\":\"2025-03-27T08:08:59+00:00\",\"breadcrumb\":{\"@id\":\"https:\/\/www.jacques-lafarge.fr\/en\/double-je\/#breadcrumb\"},\"inLanguage\":\"en-US\",\"potentialAction\":[{\"@type\":\"ReadAction\",\"target\":[\"https:\/\/www.jacques-lafarge.fr\/en\/double-je\/\"]}]},{\"@type\":\"ImageObject\",\"inLanguage\":\"en-US\",\"@id\":\"https:\/\/www.jacques-lafarge.fr\/en\/double-je\/#primaryimage\",\"url\":\"https:\/\/www.jacques-lafarge.fr\/wp-content\/uploads\/2024\/10\/quote.png\",\"contentUrl\":\"https:\/\/www.jacques-lafarge.fr\/wp-content\/uploads\/2024\/10\/quote.png\"},{\"@type\":\"BreadcrumbList\",\"@id\":\"https:\/\/www.jacques-lafarge.fr\/en\/double-je\/#breadcrumb\",\"itemListElement\":[{\"@type\":\"ListItem\",\"position\":1,\"name\":\"Accueil\",\"item\":\"https:\/\/www.jacques-lafarge.fr\/en\/\"},{\"@type\":\"ListItem\",\"position\":2,\"name\":\"Double I\"}]},{\"@type\":\"WebSite\",\"@id\":\"https:\/\/www.jacques-lafarge.fr\/en\/#website\",\"url\":\"https:\/\/www.jacques-lafarge.fr\/en\/\",\"name\":\"Jacques Lafarge\",\"description\":\"\",\"publisher\":{\"@id\":\"https:\/\/www.jacques-lafarge.fr\/en\/#organization\"},\"potentialAction\":[{\"@type\":\"SearchAction\",\"target\":{\"@type\":\"EntryPoint\",\"urlTemplate\":\"https:\/\/www.jacques-lafarge.fr\/en\/?s={search_term_string}\"},\"query-input\":{\"@type\":\"PropertyValueSpecification\",\"valueRequired\":true,\"valueName\":\"search_term_string\"}}],\"inLanguage\":\"en-US\"},{\"@type\":\"Organization\",\"@id\":\"https:\/\/www.jacques-lafarge.fr\/en\/#organization\",\"name\":\"Jacques Lafarge\",\"url\":\"https:\/\/www.jacques-lafarge.fr\/en\/\",\"logo\":{\"@type\":\"ImageObject\",\"inLanguage\":\"en-US\",\"@id\":\"https:\/\/www.jacques-lafarge.fr\/en\/#\/schema\/logo\/image\/\",\"url\":\"https:\/\/www.jacques-lafarge.fr\/wp-content\/uploads\/2024\/10\/cropped-cropped-Logo-jacques-lafarge.png\",\"contentUrl\":\"https:\/\/www.jacques-lafarge.fr\/wp-content\/uploads\/2024\/10\/cropped-cropped-Logo-jacques-lafarge.png\",\"width\":875,\"height\":250,\"caption\":\"Jacques Lafarge\"},\"image\":{\"@id\":\"https:\/\/www.jacques-lafarge.fr\/en\/#\/schema\/logo\/image\/\"}}]}<\/script>\n<!-- \/ Yoast SEO plugin. -->","yoast_head_json":{"title":"Double I - Jacques Lafarge","robots":{"index":"index","follow":"follow","max-snippet":"max-snippet:-1","max-image-preview":"max-image-preview:large","max-video-preview":"max-video-preview:-1"},"canonical":"https:\/\/www.jacques-lafarge.fr\/en\/double-je\/","og_locale":"en_US","og_type":"article","og_title":"Double I - Jacques Lafarge","og_description":"Opinion of the JURY A story rooted in everyday life, in what we don&#8217;t usually notice&#8230; Then a shift, nothing is quite the same. Speed, puns (not too much), a perfect structure. Right on topic. WHAT IF &#8220;ME&#8221; REPLACES &#8220;I&#8221;? WHO IS I, WHO IS ME? Many current turn of phrase express a curious duplication [&hellip;]","og_url":"https:\/\/www.jacques-lafarge.fr\/en\/double-je\/","og_site_name":"Jacques Lafarge","article_modified_time":"2025-03-27T08:08:59+00:00","og_image":[{"url":"https:\/\/www.jacques-lafarge.fr\/wp-content\/uploads\/2024\/10\/quote.png"}],"twitter_card":"summary_large_image","twitter_misc":{"Est. reading time":"2 minutes"},"schema":{"@context":"https:\/\/schema.org","@graph":[{"@type":"WebPage","@id":"https:\/\/www.jacques-lafarge.fr\/en\/double-je\/","url":"https:\/\/www.jacques-lafarge.fr\/en\/double-je\/","name":"Double I - Jacques Lafarge","isPartOf":{"@id":"https:\/\/www.jacques-lafarge.fr\/en\/#website"},"primaryImageOfPage":{"@id":"https:\/\/www.jacques-lafarge.fr\/en\/double-je\/#primaryimage"},"image":{"@id":"https:\/\/www.jacques-lafarge.fr\/en\/double-je\/#primaryimage"},"thumbnailUrl":"https:\/\/www.jacques-lafarge.fr\/wp-content\/uploads\/2024\/10\/quote.png","datePublished":"2024-10-27T22:34:45+00:00","dateModified":"2025-03-27T08:08:59+00:00","breadcrumb":{"@id":"https:\/\/www.jacques-lafarge.fr\/en\/double-je\/#breadcrumb"},"inLanguage":"en-US","potentialAction":[{"@type":"ReadAction","target":["https:\/\/www.jacques-lafarge.fr\/en\/double-je\/"]}]},{"@type":"ImageObject","inLanguage":"en-US","@id":"https:\/\/www.jacques-lafarge.fr\/en\/double-je\/#primaryimage","url":"https:\/\/www.jacques-lafarge.fr\/wp-content\/uploads\/2024\/10\/quote.png","contentUrl":"https:\/\/www.jacques-lafarge.fr\/wp-content\/uploads\/2024\/10\/quote.png"},{"@type":"BreadcrumbList","@id":"https:\/\/www.jacques-lafarge.fr\/en\/double-je\/#breadcrumb","itemListElement":[{"@type":"ListItem","position":1,"name":"Accueil","item":"https:\/\/www.jacques-lafarge.fr\/en\/"},{"@type":"ListItem","position":2,"name":"Double I"}]},{"@type":"WebSite","@id":"https:\/\/www.jacques-lafarge.fr\/en\/#website","url":"https:\/\/www.jacques-lafarge.fr\/en\/","name":"Jacques Lafarge","description":"","publisher":{"@id":"https:\/\/www.jacques-lafarge.fr\/en\/#organization"},"potentialAction":[{"@type":"SearchAction","target":{"@type":"EntryPoint","urlTemplate":"https:\/\/www.jacques-lafarge.fr\/en\/?s={search_term_string}"},"query-input":{"@type":"PropertyValueSpecification","valueRequired":true,"valueName":"search_term_string"}}],"inLanguage":"en-US"},{"@type":"Organization","@id":"https:\/\/www.jacques-lafarge.fr\/en\/#organization","name":"Jacques Lafarge","url":"https:\/\/www.jacques-lafarge.fr\/en\/","logo":{"@type":"ImageObject","inLanguage":"en-US","@id":"https:\/\/www.jacques-lafarge.fr\/en\/#\/schema\/logo\/image\/","url":"https:\/\/www.jacques-lafarge.fr\/wp-content\/uploads\/2024\/10\/cropped-cropped-Logo-jacques-lafarge.png","contentUrl":"https:\/\/www.jacques-lafarge.fr\/wp-content\/uploads\/2024\/10\/cropped-cropped-Logo-jacques-lafarge.png","width":875,"height":250,"caption":"Jacques Lafarge"},"image":{"@id":"https:\/\/www.jacques-lafarge.fr\/en\/#\/schema\/logo\/image\/"}}]}},"_links":{"self":[{"href":"https:\/\/www.jacques-lafarge.fr\/en\/wp-json\/wp\/v2\/pages\/653","targetHints":{"allow":["GET"]}}],"collection":[{"href":"https:\/\/www.jacques-lafarge.fr\/en\/wp-json\/wp\/v2\/pages"}],"about":[{"href":"https:\/\/www.jacques-lafarge.fr\/en\/wp-json\/wp\/v2\/types\/page"}],"author":[{"embeddable":true,"href":"https:\/\/www.jacques-lafarge.fr\/en\/wp-json\/wp\/v2\/users\/1"}],"replies":[{"embeddable":true,"href":"https:\/\/www.jacques-lafarge.fr\/en\/wp-json\/wp\/v2\/comments?post=653"}],"version-history":[{"count":40,"href":"https:\/\/www.jacques-lafarge.fr\/en\/wp-json\/wp\/v2\/pages\/653\/revisions"}],"predecessor-version":[{"id":1662,"href":"https:\/\/www.jacques-lafarge.fr\/en\/wp-json\/wp\/v2\/pages\/653\/revisions\/1662"}],"wp:attachment":[{"href":"https:\/\/www.jacques-lafarge.fr\/en\/wp-json\/wp\/v2\/media?parent=653"}],"curies":[{"name":"wp","href":"https:\/\/api.w.org\/{rel}","templated":true}]}}