{"id":649,"date":"2024-10-27T22:55:29","date_gmt":"2024-10-27T21:55:29","guid":{"rendered":"https:\/\/www.jacques-lafarge.fr\/camille-et-le-cigogneau\/"},"modified":"2025-02-17T18:11:53","modified_gmt":"2025-02-17T17:11:53","slug":"camille-et-le-cigogneau","status":"publish","type":"page","link":"https:\/\/www.jacques-lafarge.fr\/en\/camille-et-le-cigogneau\/","title":{"rendered":"Camille and the baby stork"},"content":{"rendered":"\t\t<div data-elementor-type=\"wp-page\" data-elementor-id=\"649\" class=\"elementor elementor-649 elementor-126\">\n\t\t\t\t<div class=\"elementor-element elementor-element-297311ce e-con-full e-flex e-con e-parent\" data-id=\"297311ce\" data-element_type=\"container\">\n\t\t<div class=\"elementor-element elementor-element-e8e1a9c e-con-full e-flex e-con e-child\" data-id=\"e8e1a9c\" data-element_type=\"container\" data-settings=\"{&quot;background_background&quot;:&quot;classic&quot;}\">\n\t\t\t\t<div class=\"elementor-element elementor-element-72a89484 elementor-widget elementor-widget-image\" data-id=\"72a89484\" data-element_type=\"widget\" data-widget_type=\"image.default\">\n\t\t\t\t<div class=\"elementor-widget-container\">\n\t\t\t\t\t\t\t\t\t\t\t\t\t<img decoding=\"async\" width=\"105\" height=\"73\" src=\"https:\/\/www.jacques-lafarge.fr\/wp-content\/uploads\/2024\/10\/quote.png\" class=\"attachment-large size-large wp-image-74\" alt=\"\" \/>\t\t\t\t\t\t\t\t\t\t\t\t\t<\/div>\n\t\t\t\t<\/div>\n\t\t\t\t<div class=\"elementor-element elementor-element-5f91b45a elementor-widget elementor-widget-text-editor\" data-id=\"5f91b45a\" data-element_type=\"widget\" data-widget_type=\"text-editor.default\">\n\t\t\t\t<div class=\"elementor-widget-container\">\n\t\t\t\t\t\t\t<p>Camille has opened the door and is standing in the gap to prevent the heat from coming inside. Standing back in the shadow, she can&#8217;t see who knocked so peremptorily, braving the scorching afternoon sun. No one shows up\u2026<\/p>\t\t\t\t\t\t<\/div>\n\t\t\t\t<\/div>\n\t\t\t\t<div class=\"elementor-element elementor-element-3c63c02 elementor-view-stacked elementor-shape-circle elementor-position-top elementor-mobile-position-top elementor-widget elementor-widget-icon-box\" data-id=\"3c63c02\" data-element_type=\"widget\" data-widget_type=\"icon-box.default\">\n\t\t\t\t<div class=\"elementor-widget-container\">\n\t\t\t\t\t<div class=\"elementor-icon-box-wrapper\">\n\n\t\t\t\t\t\t<div class=\"elementor-icon-box-icon\">\n\t\t\t\t<a href=\"https:\/\/www.jacques-lafarge.fr\/wp-content\/uploads\/2025\/02\/Camille-and-the-baby-stork.pdf\" target=\"_blank\" class=\"elementor-icon elementor-animation-\" tabindex=\"-1\">\n\t\t\t\t<svg aria-hidden=\"true\" class=\"e-font-icon-svg e-fas-file-download\" viewBox=\"0 0 384 512\" xmlns=\"http:\/\/www.w3.org\/2000\/svg\"><path d=\"M224 136V0H24C10.7 0 0 10.7 0 24v464c0 13.3 10.7 24 24 24h336c13.3 0 24-10.7 24-24V160H248c-13.2 0-24-10.8-24-24zm76.45 211.36l-96.42 95.7c-6.65 6.61-17.39 6.61-24.04 0l-96.42-95.7C73.42 337.29 80.54 320 94.82 320H160v-80c0-8.84 7.16-16 16-16h32c8.84 0 16 7.16 16 16v80h65.18c14.28 0 21.4 17.29 11.27 27.36zM377 105L279.1 7c-4.5-4.5-10.6-7-17-7H256v128h128v-6.1c0-6.3-2.5-12.4-7-16.9z\"><\/path><\/svg>\t\t\t\t<\/a>\n\t\t\t<\/div>\n\t\t\t\n\t\t\t\t\t\t<div class=\"elementor-icon-box-content\">\n\n\t\t\t\t\t\t\t\t\t<h3 class=\"elementor-icon-box-title\">\n\t\t\t\t\t\t<a href=\"https:\/\/www.jacques-lafarge.fr\/wp-content\/uploads\/2025\/02\/Camille-and-the-baby-stork.pdf\" target=\"_blank\" >\n\t\t\t\t\t\t\tDownload the text \t\t\t\t\t\t<\/a>\n\t\t\t\t\t<\/h3>\n\t\t\t\t\n\t\t\t\t\n\t\t\t<\/div>\n\t\t\t\n\t\t<\/div>\n\t\t\t\t<\/div>\n\t\t\t\t<\/div>\n\t\t\t\t<\/div>\n\t\t<div class=\"elementor-element elementor-element-4260d62d e-con-full e-flex e-con e-child\" data-id=\"4260d62d\" data-element_type=\"container\">\n\t\t<div class=\"elementor-element elementor-element-a392732 e-con-full e-flex e-con e-child\" data-id=\"a392732\" data-element_type=\"container\">\n\t\t<div class=\"elementor-element elementor-element-2d378dd e-con-full e-flex e-con e-child\" data-id=\"2d378dd\" data-element_type=\"container\">\n\t\t\t\t<div class=\"elementor-element elementor-element-2383d62e elementor-widget elementor-widget-image\" data-id=\"2383d62e\" data-element_type=\"widget\" data-widget_type=\"image.default\">\n\t\t\t\t<div class=\"elementor-widget-container\">\n\t\t\t\t\t\t\t\t\t\t\t\t\t<img fetchpriority=\"high\" decoding=\"async\" width=\"545\" height=\"351\" src=\"https:\/\/www.jacques-lafarge.fr\/wp-content\/uploads\/2024\/10\/Camille-web-2.jpg\" class=\"attachment-large size-large wp-image-129\" alt=\"\" srcset=\"https:\/\/www.jacques-lafarge.fr\/wp-content\/uploads\/2024\/10\/Camille-web-2.jpg 545w, https:\/\/www.jacques-lafarge.fr\/wp-content\/uploads\/2024\/10\/Camille-web-2-300x193.jpg 300w\" sizes=\"(max-width: 545px) 100vw, 545px\" \/>\t\t\t\t\t\t\t\t\t\t\t\t\t<\/div>\n\t\t\t\t<\/div>\n\t\t\t\t<\/div>\n\t\t<div class=\"elementor-element elementor-element-0bd8805 e-con-full e-flex e-con e-child\" data-id=\"0bd8805\" data-element_type=\"container\">\n\t\t\t\t<div class=\"elementor-element elementor-element-23266d14 elementor-widget elementor-widget-image\" data-id=\"23266d14\" data-element_type=\"widget\" data-widget_type=\"image.default\">\n\t\t\t\t<div class=\"elementor-widget-container\">\n\t\t\t\t\t\t\t\t\t\t\t\t\t<img decoding=\"async\" width=\"420\" height=\"594\" src=\"https:\/\/www.jacques-lafarge.fr\/wp-content\/uploads\/2024\/10\/Jeu-Terre-et-lettres.jpg\" class=\"attachment-large size-large wp-image-130\" alt=\"\" srcset=\"https:\/\/www.jacques-lafarge.fr\/wp-content\/uploads\/2024\/10\/Jeu-Terre-et-lettres.jpg 420w, https:\/\/www.jacques-lafarge.fr\/wp-content\/uploads\/2024\/10\/Jeu-Terre-et-lettres-212x300.jpg 212w\" sizes=\"(max-width: 420px) 100vw, 420px\" \/>\t\t\t\t\t\t\t\t\t\t\t\t\t<\/div>\n\t\t\t\t<\/div>\n\t\t\t\t<\/div>\n\t\t\t\t<\/div>\n\t\t<div class=\"elementor-element elementor-element-76e1d302 e-con-full e-flex e-con e-child\" data-id=\"76e1d302\" data-element_type=\"container\">\n\t\t\t\t<div class=\"elementor-element elementor-element-193d0551 elementor-widget elementor-widget-text-editor\" data-id=\"193d0551\" data-element_type=\"widget\" data-widget_type=\"text-editor.default\">\n\t\t\t\t<div class=\"elementor-widget-container\">\n\t\t\t\t\t\t\t<div class=\"et_pb_row_inner et_pb_row_inner_0_tb_body et_pb_gutters2\"><div class=\"et_pb_column et_pb_column_4_4 et_pb_column_inner et_pb_column_inner_0_tb_body et-last-child\"><div class=\"et_pb_module et_pb_text et_pb_text_1_tb_body article-title et_pb_text_align_center et_pb_bg_layout_light\"><div class=\"et_pb_text_inner\">A FABLE AGAINST A BACKDROP OF GLOBAL WARMING<\/div><\/div><\/div><\/div><div class=\"et_pb_row_inner et_pb_row_inner_1_tb_body et_pb_gutters2\"><div class=\"et_pb_column et_pb_column_3_8 et_pb_column_inner et_pb_column_inner_1_tb_body\"><div class=\"et_pb_module et_pb_text et_pb_text_2_tb_body et_pb_text_align_left et_pb_text_align_center-phone et_pb_bg_layout_light\"><div class=\"et_pb_text_inner\"><h3 class=\"wwP11\">Camille and the baby-stork.<\/h3><p>Summer 2055, in New Aquitaine. In a Charente-Maritime deserted by storks because of the drought that has been raging for many years, it is very hot and the sun burns the skin. In accordance with the injunctions of Ecological Security, everyone protects themselves by staying inside. However, in the middle of noon that day, there is a knock on Camille&#8217;s door&#8230;<\/p><p>This fable of the 21st century, received the<strong> first prize<\/strong> at the &#8220;Grand game of writing Earth and letters&#8221; organized in 2022 as part of the 13th festival &#8220;Earth and letters&#8221;, in La Rochelle.<\/p><p>Illustration: Emilie Arnold<\/p><\/div><\/div><\/div><\/div>\t\t\t\t\t\t<\/div>\n\t\t\t\t<\/div>\n\t\t\t\t<\/div>\n\t\t\t\t<\/div>\n\t\t\t\t<\/div>\n\t\t<div class=\"elementor-element elementor-element-3ed6b3ea elementor-hidden-desktop elementor-hidden-tablet elementor-hidden-mobile e-flex e-con-boxed e-con e-parent\" data-id=\"3ed6b3ea\" data-element_type=\"container\" data-settings=\"{&quot;background_background&quot;:&quot;classic&quot;}\">\n\t\t\t\t\t<div class=\"e-con-inner\">\n\t\t\t\t<div class=\"elementor-element elementor-element-15992b95 elementor-widget elementor-widget-n-accordion\" data-id=\"15992b95\" data-element_type=\"widget\" data-settings=\"{&quot;default_state&quot;:&quot;all_collapsed&quot;,&quot;max_items_expended&quot;:&quot;one&quot;,&quot;n_accordion_animation_duration&quot;:{&quot;unit&quot;:&quot;ms&quot;,&quot;size&quot;:400,&quot;sizes&quot;:[]}}\" data-widget_type=\"nested-accordion.default\">\n\t\t\t\t<div class=\"elementor-widget-container\">\n\t\t\t\t\t<div class=\"e-n-accordion\" aria-label=\"Accordion. Open links with Enter or Space, close with Escape, and navigate with Arrow Keys\">\n\t\t\t\t\t\t<details id=\"e-n-accordion-item-3620\" class=\"e-n-accordion-item\" >\n\t\t\t\t<summary class=\"e-n-accordion-item-title\" data-accordion-index=\"1\" tabindex=\"0\" aria-expanded=\"false\" aria-controls=\"e-n-accordion-item-3620\" >\n\t\t\t\t\t<span class='e-n-accordion-item-title-header'><div class=\"e-n-accordion-item-title-text\"> T\u00e9l\u00e9charger un texte <\/div><\/span>\n\t\t\t\t\t\t\t<span class='e-n-accordion-item-title-icon'>\n\t\t\t<span class='e-opened' ><svg aria-hidden=\"true\" class=\"e-font-icon-svg e-fas-level-up-alt\" viewBox=\"0 0 320 512\" xmlns=\"http:\/\/www.w3.org\/2000\/svg\"><path d=\"M313.553 119.669L209.587 7.666c-9.485-10.214-25.676-10.229-35.174 0L70.438 119.669C56.232 134.969 67.062 160 88.025 160H152v272H68.024a11.996 11.996 0 0 0-8.485 3.515l-56 56C-4.021 499.074 1.333 512 12.024 512H208c13.255 0 24-10.745 24-24V160h63.966c20.878 0 31.851-24.969 17.587-40.331z\"><\/path><\/svg><\/span>\n\t\t\t<span class='e-closed'><svg aria-hidden=\"true\" class=\"e-font-icon-svg e-fas-file-download\" viewBox=\"0 0 384 512\" xmlns=\"http:\/\/www.w3.org\/2000\/svg\"><path d=\"M224 136V0H24C10.7 0 0 10.7 0 24v464c0 13.3 10.7 24 24 24h336c13.3 0 24-10.7 24-24V160H248c-13.2 0-24-10.8-24-24zm76.45 211.36l-96.42 95.7c-6.65 6.61-17.39 6.61-24.04 0l-96.42-95.7C73.42 337.29 80.54 320 94.82 320H160v-80c0-8.84 7.16-16 16-16h32c8.84 0 16 7.16 16 16v80h65.18c14.28 0 21.4 17.29 11.27 27.36zM377 105L279.1 7c-4.5-4.5-10.6-7-17-7H256v128h128v-6.1c0-6.3-2.5-12.4-7-16.9z\"><\/path><\/svg><\/span>\n\t\t<\/span>\n\n\t\t\t\t\t\t<\/summary>\n\t\t\t\t<div role=\"region\" aria-labelledby=\"e-n-accordion-item-3620\" class=\"elementor-element elementor-element-ffff38c e-con-full e-flex e-con e-child\" data-id=\"ffff38c\" data-element_type=\"container\">\n\t\t<div role=\"region\" aria-labelledby=\"e-n-accordion-item-3620\" class=\"elementor-element elementor-element-3a5de8f6 e-grid e-con-full e-con e-child\" data-id=\"3a5de8f6\" data-element_type=\"container\">\n\t\t\t\t<div class=\"elementor-element elementor-element-34a2cdb8 elementor-widget elementor-widget-icon-box\" data-id=\"34a2cdb8\" data-element_type=\"widget\" data-widget_type=\"icon-box.default\">\n\t\t\t\t<div class=\"elementor-widget-container\">\n\t\t\t\t\t<div class=\"elementor-icon-box-wrapper\">\n\n\t\t\t\n\t\t\t\t\t\t<div class=\"elementor-icon-box-content\">\n\n\t\t\t\t\t\t\t\t\t<h4 class=\"elementor-icon-box-title\">\n\t\t\t\t\t\t<a href=\"https:\/\/www.jacques-lafarge.fr\/wp-content\/uploads\/2024\/11\/LazareMeradec.pdf\" >\n\t\t\t\t\t\t\tL'histoire v\u00e9ritable <\/br>de Lazare M\u00e9radec\t\t\t\t\t\t<\/a>\n\t\t\t\t\t<\/h4>\n\t\t\t\t\n\t\t\t\t\t\t\t\t\t<p class=\"elementor-icon-box-description\">\n\t\t\t\t\t\tExtrait\t\t\t\t\t<\/p>\n\t\t\t\t\n\t\t\t<\/div>\n\t\t\t\n\t\t<\/div>\n\t\t\t\t<\/div>\n\t\t\t\t<\/div>\n\t\t\t\t<div class=\"elementor-element elementor-element-cbf0ac9 elementor-widget elementor-widget-icon-box\" data-id=\"cbf0ac9\" data-element_type=\"widget\" data-widget_type=\"icon-box.default\">\n\t\t\t\t<div class=\"elementor-widget-container\">\n\t\t\t\t\t<div class=\"elementor-icon-box-wrapper\">\n\n\t\t\t\n\t\t\t\t\t\t<div class=\"elementor-icon-box-content\">\n\n\t\t\t\t\t\t\t\t\t<h4 class=\"elementor-icon-box-title\">\n\t\t\t\t\t\t<a href=\"https:\/\/www.jacques-lafarge.fr\/wp-content\/uploads\/2024\/11\/TestamentDissasara.pdf\" >\n\t\t\t\t\t\t\tLe testament<\/br> d'Issasara\t\t\t\t\t\t<\/a>\n\t\t\t\t\t<\/h4>\n\t\t\t\t\n\t\t\t\t\t\t\t\t\t<p class=\"elementor-icon-box-description\">\n\t\t\t\t\t\t\nExtrait\t\t\t\t\t<\/p>\n\t\t\t\t\n\t\t\t<\/div>\n\t\t\t\n\t\t<\/div>\n\t\t\t\t<\/div>\n\t\t\t\t<\/div>\n\t\t\t\t<div class=\"elementor-element elementor-element-5875f9bd elementor-widget elementor-widget-icon-box\" data-id=\"5875f9bd\" data-element_type=\"widget\" data-widget_type=\"icon-box.default\">\n\t\t\t\t<div class=\"elementor-widget-container\">\n\t\t\t\t\t<div class=\"elementor-icon-box-wrapper\">\n\n\t\t\t\n\t\t\t\t\t\t<div class=\"elementor-icon-box-content\">\n\n\t\t\t\t\t\t\t\t\t<h4 class=\"elementor-icon-box-title\">\n\t\t\t\t\t\t<a href=\"https:\/\/www.jacques-lafarge.fr\/wp-content\/uploads\/2024\/11\/DoubleJe.pdf\" >\n\t\t\t\t\t\t\tDouble <\/br>Je\t\t\t\t\t\t<\/a>\n\t\t\t\t\t<\/h4>\n\t\t\t\t\n\t\t\t\t\t\t\t\t\t<p class=\"elementor-icon-box-description\">\n\t\t\t\t\t\tTexte Int\u00e9gral\t\t\t\t\t<\/p>\n\t\t\t\t\n\t\t\t<\/div>\n\t\t\t\n\t\t<\/div>\n\t\t\t\t<\/div>\n\t\t\t\t<\/div>\n\t\t\t\t<div class=\"elementor-element elementor-element-4b388c89 elementor-widget elementor-widget-icon-box\" data-id=\"4b388c89\" data-element_type=\"widget\" data-widget_type=\"icon-box.default\">\n\t\t\t\t<div class=\"elementor-widget-container\">\n\t\t\t\t\t<div class=\"elementor-icon-box-wrapper\">\n\n\t\t\t\n\t\t\t\t\t\t<div class=\"elementor-icon-box-content\">\n\n\t\t\t\t\t\t\t\t\t<h4 class=\"elementor-icon-box-title\">\n\t\t\t\t\t\t<a href=\"https:\/\/www.jacques-lafarge.fr\/wp-content\/uploads\/2024\/11\/DiscriminationPositive.pdf\" >\n\t\t\t\t\t\t\tDiscrimination <\/br>positive\t\t\t\t\t\t<\/a>\n\t\t\t\t\t<\/h4>\n\t\t\t\t\n\t\t\t\t\t\t\t\t\t<p class=\"elementor-icon-box-description\">\n\t\t\t\t\t\tText int\u00e9gral\t\t\t\t\t<\/p>\n\t\t\t\t\n\t\t\t<\/div>\n\t\t\t\n\t\t<\/div>\n\t\t\t\t<\/div>\n\t\t\t\t<\/div>\n\t\t\t\t<div class=\"elementor-element elementor-element-64fbb88 elementor-widget elementor-widget-icon-box\" data-id=\"64fbb88\" data-element_type=\"widget\" data-widget_type=\"icon-box.default\">\n\t\t\t\t<div class=\"elementor-widget-container\">\n\t\t\t\t\t<div class=\"elementor-icon-box-wrapper\">\n\n\t\t\t\n\t\t\t\t\t\t<div class=\"elementor-icon-box-content\">\n\n\t\t\t\t\t\t\t\t\t<h4 class=\"elementor-icon-box-title\">\n\t\t\t\t\t\t<a href=\"https:\/\/www.jacques-lafarge.fr\/wp-content\/uploads\/2024\/11\/PlaneteAVendre.pdf\" >\n\t\t\t\t\t\t\tPlan\u00e8te \u00e0 <\/br>vendre\t\t\t\t\t\t<\/a>\n\t\t\t\t\t<\/h4>\n\t\t\t\t\n\t\t\t\t\t\t\t\t\t<p class=\"elementor-icon-box-description\">\n\t\t\t\t\t\tTexte int\u00e9gral\t\t\t\t\t<\/p>\n\t\t\t\t\n\t\t\t<\/div>\n\t\t\t\n\t\t<\/div>\n\t\t\t\t<\/div>\n\t\t\t\t<\/div>\n\t\t\t\t<div class=\"elementor-element elementor-element-145b860 elementor-widget elementor-widget-icon-box\" data-id=\"145b860\" data-element_type=\"widget\" data-widget_type=\"icon-box.default\">\n\t\t\t\t<div class=\"elementor-widget-container\">\n\t\t\t\t\t<div class=\"elementor-icon-box-wrapper\">\n\n\t\t\t\n\t\t\t\t\t\t<div class=\"elementor-icon-box-content\">\n\n\t\t\t\t\t\t\t\t\t<h4 class=\"elementor-icon-box-title\">\n\t\t\t\t\t\t<a href=\"https:\/\/www.jacques-lafarge.fr\/wp-content\/uploads\/2024\/11\/LeCoachMalgreLui.pdf\" >\n\t\t\t\t\t\t\tLe coach <\/br>malgr\u00e9 lui\t\t\t\t\t\t<\/a>\n\t\t\t\t\t<\/h4>\n\t\t\t\t\n\t\t\t\t\t\t\t\t\t<p class=\"elementor-icon-box-description\">\n\t\t\t\t\t\tText int\u00e9gral\t\t\t\t\t<\/p>\n\t\t\t\t\n\t\t\t<\/div>\n\t\t\t\n\t\t<\/div>\n\t\t\t\t<\/div>\n\t\t\t\t<\/div>\n\t\t\t\t<div class=\"elementor-element elementor-element-269625e8 elementor-widget elementor-widget-icon-box\" data-id=\"269625e8\" data-element_type=\"widget\" data-widget_type=\"icon-box.default\">\n\t\t\t\t<div class=\"elementor-widget-container\">\n\t\t\t\t\t<div class=\"elementor-icon-box-wrapper\">\n\n\t\t\t\n\t\t\t\t\t\t<div class=\"elementor-icon-box-content\">\n\n\t\t\t\t\t\t\t\t\t<h4 class=\"elementor-icon-box-title\">\n\t\t\t\t\t\t<a href=\"https:\/\/www.jacques-lafarge.fr\/wp-content\/uploads\/2024\/11\/MonMinistrePrefere.pdf\" >\n\t\t\t\t\t\t\tMon ministre<\/br> pr\u00e9f\u00e9r\u00e9\t\t\t\t\t\t<\/a>\n\t\t\t\t\t<\/h4>\n\t\t\t\t\n\t\t\t\t\t\t\t\t\t<p class=\"elementor-icon-box-description\">\n\t\t\t\t\t\tExtrait\t\t\t\t\t<\/p>\n\t\t\t\t\n\t\t\t<\/div>\n\t\t\t\n\t\t<\/div>\n\t\t\t\t<\/div>\n\t\t\t\t<\/div>\n\t\t\t\t<\/div>\n\t\t\t\t<\/div>\n\t\t\t\t\t<\/details>\n\t\t\t\t\t<\/div>\n\t\t\t\t<\/div>\n\t\t\t\t<\/div>\n\t\t\t\t\t<\/div>\n\t\t\t\t<\/div>\n\t\t\t\t<\/div>\n\t\t","protected":false},"excerpt":{"rendered":"<p>Camille has opened the door and is standing in the gap to prevent the heat from coming inside. Standing back in the shadow, she can&#8217;t see who knocked so peremptorily, braving the scorching afternoon sun. No one shows up\u2026 Download the text A FABLE AGAINST A BACKDROP OF GLOBAL WARMING Camille and the baby-stork. Summer [&hellip;]<\/p>\n","protected":false},"author":1,"featured_media":0,"parent":0,"menu_order":0,"comment_status":"closed","ping_status":"closed","template":"elementor_theme","meta":{"footnotes":""},"class_list":["post-649","page","type-page","status-publish","hentry"],"yoast_head":"<!-- This site is optimized with the Yoast SEO plugin v23.8 - https:\/\/yoast.com\/wordpress\/plugins\/seo\/ -->\n<title>Camille and the baby stork - Jacques Lafarge<\/title>\n<meta name=\"robots\" content=\"index, follow, max-snippet:-1, max-image-preview:large, max-video-preview:-1\" \/>\n<link rel=\"canonical\" href=\"https:\/\/www.jacques-lafarge.fr\/en\/camille-et-le-cigogneau\/\" \/>\n<meta property=\"og:locale\" content=\"en_US\" \/>\n<meta property=\"og:type\" content=\"article\" \/>\n<meta property=\"og:title\" content=\"Camille and the baby stork - Jacques Lafarge\" \/>\n<meta property=\"og:description\" content=\"Camille has opened the door and is standing in the gap to prevent the heat from coming inside. Standing back in the shadow, she can&#8217;t see who knocked so peremptorily, braving the scorching afternoon sun. No one shows up\u2026 Download the text A FABLE AGAINST A BACKDROP OF GLOBAL WARMING Camille and the baby-stork. Summer [&hellip;]\" \/>\n<meta property=\"og:url\" content=\"https:\/\/www.jacques-lafarge.fr\/en\/camille-et-le-cigogneau\/\" \/>\n<meta property=\"og:site_name\" content=\"Jacques Lafarge\" \/>\n<meta property=\"article:modified_time\" content=\"2025-02-17T17:11:53+00:00\" \/>\n<meta property=\"og:image\" content=\"https:\/\/www.jacques-lafarge.fr\/wp-content\/uploads\/2024\/10\/quote.png\" \/>\n\t<meta property=\"og:image:width\" content=\"105\" \/>\n\t<meta property=\"og:image:height\" content=\"73\" \/>\n\t<meta property=\"og:image:type\" content=\"image\/png\" \/>\n<meta name=\"twitter:card\" content=\"summary_large_image\" \/>\n<meta name=\"twitter:label1\" content=\"Est. reading time\" \/>\n\t<meta name=\"twitter:data1\" content=\"2 minutes\" \/>\n<script type=\"application\/ld+json\" class=\"yoast-schema-graph\">{\"@context\":\"https:\/\/schema.org\",\"@graph\":[{\"@type\":\"WebPage\",\"@id\":\"https:\/\/www.jacques-lafarge.fr\/en\/camille-et-le-cigogneau\/\",\"url\":\"https:\/\/www.jacques-lafarge.fr\/en\/camille-et-le-cigogneau\/\",\"name\":\"Camille and the baby stork - Jacques Lafarge\",\"isPartOf\":{\"@id\":\"https:\/\/www.jacques-lafarge.fr\/en\/#website\"},\"primaryImageOfPage\":{\"@id\":\"https:\/\/www.jacques-lafarge.fr\/en\/camille-et-le-cigogneau\/#primaryimage\"},\"image\":{\"@id\":\"https:\/\/www.jacques-lafarge.fr\/en\/camille-et-le-cigogneau\/#primaryimage\"},\"thumbnailUrl\":\"https:\/\/www.jacques-lafarge.fr\/wp-content\/uploads\/2024\/10\/quote.png\",\"datePublished\":\"2024-10-27T21:55:29+00:00\",\"dateModified\":\"2025-02-17T17:11:53+00:00\",\"breadcrumb\":{\"@id\":\"https:\/\/www.jacques-lafarge.fr\/en\/camille-et-le-cigogneau\/#breadcrumb\"},\"inLanguage\":\"en-US\",\"potentialAction\":[{\"@type\":\"ReadAction\",\"target\":[\"https:\/\/www.jacques-lafarge.fr\/en\/camille-et-le-cigogneau\/\"]}]},{\"@type\":\"ImageObject\",\"inLanguage\":\"en-US\",\"@id\":\"https:\/\/www.jacques-lafarge.fr\/en\/camille-et-le-cigogneau\/#primaryimage\",\"url\":\"https:\/\/www.jacques-lafarge.fr\/wp-content\/uploads\/2024\/10\/quote.png\",\"contentUrl\":\"https:\/\/www.jacques-lafarge.fr\/wp-content\/uploads\/2024\/10\/quote.png\"},{\"@type\":\"BreadcrumbList\",\"@id\":\"https:\/\/www.jacques-lafarge.fr\/en\/camille-et-le-cigogneau\/#breadcrumb\",\"itemListElement\":[{\"@type\":\"ListItem\",\"position\":1,\"name\":\"Accueil\",\"item\":\"https:\/\/www.jacques-lafarge.fr\/en\/\"},{\"@type\":\"ListItem\",\"position\":2,\"name\":\"Camille and the baby stork\"}]},{\"@type\":\"WebSite\",\"@id\":\"https:\/\/www.jacques-lafarge.fr\/en\/#website\",\"url\":\"https:\/\/www.jacques-lafarge.fr\/en\/\",\"name\":\"Jacques Lafarge\",\"description\":\"\",\"publisher\":{\"@id\":\"https:\/\/www.jacques-lafarge.fr\/en\/#organization\"},\"potentialAction\":[{\"@type\":\"SearchAction\",\"target\":{\"@type\":\"EntryPoint\",\"urlTemplate\":\"https:\/\/www.jacques-lafarge.fr\/en\/?s={search_term_string}\"},\"query-input\":{\"@type\":\"PropertyValueSpecification\",\"valueRequired\":true,\"valueName\":\"search_term_string\"}}],\"inLanguage\":\"en-US\"},{\"@type\":\"Organization\",\"@id\":\"https:\/\/www.jacques-lafarge.fr\/en\/#organization\",\"name\":\"Jacques Lafarge\",\"url\":\"https:\/\/www.jacques-lafarge.fr\/en\/\",\"logo\":{\"@type\":\"ImageObject\",\"inLanguage\":\"en-US\",\"@id\":\"https:\/\/www.jacques-lafarge.fr\/en\/#\/schema\/logo\/image\/\",\"url\":\"https:\/\/www.jacques-lafarge.fr\/wp-content\/uploads\/2024\/10\/cropped-cropped-Logo-jacques-lafarge.png\",\"contentUrl\":\"https:\/\/www.jacques-lafarge.fr\/wp-content\/uploads\/2024\/10\/cropped-cropped-Logo-jacques-lafarge.png\",\"width\":875,\"height\":250,\"caption\":\"Jacques Lafarge\"},\"image\":{\"@id\":\"https:\/\/www.jacques-lafarge.fr\/en\/#\/schema\/logo\/image\/\"}}]}<\/script>\n<!-- \/ Yoast SEO plugin. -->","yoast_head_json":{"title":"Camille and the baby stork - Jacques Lafarge","robots":{"index":"index","follow":"follow","max-snippet":"max-snippet:-1","max-image-preview":"max-image-preview:large","max-video-preview":"max-video-preview:-1"},"canonical":"https:\/\/www.jacques-lafarge.fr\/en\/camille-et-le-cigogneau\/","og_locale":"en_US","og_type":"article","og_title":"Camille and the baby stork - Jacques Lafarge","og_description":"Camille has opened the door and is standing in the gap to prevent the heat from coming inside. Standing back in the shadow, she can&#8217;t see who knocked so peremptorily, braving the scorching afternoon sun. No one shows up\u2026 Download the text A FABLE AGAINST A BACKDROP OF GLOBAL WARMING Camille and the baby-stork. Summer [&hellip;]","og_url":"https:\/\/www.jacques-lafarge.fr\/en\/camille-et-le-cigogneau\/","og_site_name":"Jacques Lafarge","article_modified_time":"2025-02-17T17:11:53+00:00","og_image":[{"width":105,"height":73,"url":"https:\/\/www.jacques-lafarge.fr\/wp-content\/uploads\/2024\/10\/quote.png","type":"image\/png"}],"twitter_card":"summary_large_image","twitter_misc":{"Est. reading time":"2 minutes"},"schema":{"@context":"https:\/\/schema.org","@graph":[{"@type":"WebPage","@id":"https:\/\/www.jacques-lafarge.fr\/en\/camille-et-le-cigogneau\/","url":"https:\/\/www.jacques-lafarge.fr\/en\/camille-et-le-cigogneau\/","name":"Camille and the baby stork - Jacques Lafarge","isPartOf":{"@id":"https:\/\/www.jacques-lafarge.fr\/en\/#website"},"primaryImageOfPage":{"@id":"https:\/\/www.jacques-lafarge.fr\/en\/camille-et-le-cigogneau\/#primaryimage"},"image":{"@id":"https:\/\/www.jacques-lafarge.fr\/en\/camille-et-le-cigogneau\/#primaryimage"},"thumbnailUrl":"https:\/\/www.jacques-lafarge.fr\/wp-content\/uploads\/2024\/10\/quote.png","datePublished":"2024-10-27T21:55:29+00:00","dateModified":"2025-02-17T17:11:53+00:00","breadcrumb":{"@id":"https:\/\/www.jacques-lafarge.fr\/en\/camille-et-le-cigogneau\/#breadcrumb"},"inLanguage":"en-US","potentialAction":[{"@type":"ReadAction","target":["https:\/\/www.jacques-lafarge.fr\/en\/camille-et-le-cigogneau\/"]}]},{"@type":"ImageObject","inLanguage":"en-US","@id":"https:\/\/www.jacques-lafarge.fr\/en\/camille-et-le-cigogneau\/#primaryimage","url":"https:\/\/www.jacques-lafarge.fr\/wp-content\/uploads\/2024\/10\/quote.png","contentUrl":"https:\/\/www.jacques-lafarge.fr\/wp-content\/uploads\/2024\/10\/quote.png"},{"@type":"BreadcrumbList","@id":"https:\/\/www.jacques-lafarge.fr\/en\/camille-et-le-cigogneau\/#breadcrumb","itemListElement":[{"@type":"ListItem","position":1,"name":"Accueil","item":"https:\/\/www.jacques-lafarge.fr\/en\/"},{"@type":"ListItem","position":2,"name":"Camille and the baby stork"}]},{"@type":"WebSite","@id":"https:\/\/www.jacques-lafarge.fr\/en\/#website","url":"https:\/\/www.jacques-lafarge.fr\/en\/","name":"Jacques Lafarge","description":"","publisher":{"@id":"https:\/\/www.jacques-lafarge.fr\/en\/#organization"},"potentialAction":[{"@type":"SearchAction","target":{"@type":"EntryPoint","urlTemplate":"https:\/\/www.jacques-lafarge.fr\/en\/?s={search_term_string}"},"query-input":{"@type":"PropertyValueSpecification","valueRequired":true,"valueName":"search_term_string"}}],"inLanguage":"en-US"},{"@type":"Organization","@id":"https:\/\/www.jacques-lafarge.fr\/en\/#organization","name":"Jacques Lafarge","url":"https:\/\/www.jacques-lafarge.fr\/en\/","logo":{"@type":"ImageObject","inLanguage":"en-US","@id":"https:\/\/www.jacques-lafarge.fr\/en\/#\/schema\/logo\/image\/","url":"https:\/\/www.jacques-lafarge.fr\/wp-content\/uploads\/2024\/10\/cropped-cropped-Logo-jacques-lafarge.png","contentUrl":"https:\/\/www.jacques-lafarge.fr\/wp-content\/uploads\/2024\/10\/cropped-cropped-Logo-jacques-lafarge.png","width":875,"height":250,"caption":"Jacques Lafarge"},"image":{"@id":"https:\/\/www.jacques-lafarge.fr\/en\/#\/schema\/logo\/image\/"}}]}},"_links":{"self":[{"href":"https:\/\/www.jacques-lafarge.fr\/en\/wp-json\/wp\/v2\/pages\/649","targetHints":{"allow":["GET"]}}],"collection":[{"href":"https:\/\/www.jacques-lafarge.fr\/en\/wp-json\/wp\/v2\/pages"}],"about":[{"href":"https:\/\/www.jacques-lafarge.fr\/en\/wp-json\/wp\/v2\/types\/page"}],"author":[{"embeddable":true,"href":"https:\/\/www.jacques-lafarge.fr\/en\/wp-json\/wp\/v2\/users\/1"}],"replies":[{"embeddable":true,"href":"https:\/\/www.jacques-lafarge.fr\/en\/wp-json\/wp\/v2\/comments?post=649"}],"version-history":[{"count":38,"href":"https:\/\/www.jacques-lafarge.fr\/en\/wp-json\/wp\/v2\/pages\/649\/revisions"}],"predecessor-version":[{"id":1348,"href":"https:\/\/www.jacques-lafarge.fr\/en\/wp-json\/wp\/v2\/pages\/649\/revisions\/1348"}],"wp:attachment":[{"href":"https:\/\/www.jacques-lafarge.fr\/en\/wp-json\/wp\/v2\/media?parent=649"}],"curies":[{"name":"wp","href":"https:\/\/api.w.org\/{rel}","templated":true}]}}