{"id":616,"date":"2024-11-05T21:03:15","date_gmt":"2024-11-05T20:03:15","guid":{"rendered":"https:\/\/www.jacques-lafarge.fr\/romans\/"},"modified":"2025-03-27T09:05:55","modified_gmt":"2025-03-27T08:05:55","slug":"romans","status":"publish","type":"page","link":"https:\/\/www.jacques-lafarge.fr\/en\/romans\/","title":{"rendered":"Novels"},"content":{"rendered":"\t\t<div data-elementor-type=\"wp-page\" data-elementor-id=\"616\" class=\"elementor elementor-616 elementor-266\">\n\t\t\t\t<div class=\"elementor-element elementor-element-6ec49845 e-con-full e-flex e-con e-parent\" data-id=\"6ec49845\" data-element_type=\"container\">\n\t\t<div class=\"elementor-element elementor-element-18267d82 e-con-full e-flex e-con e-child\" data-id=\"18267d82\" data-element_type=\"container\" data-settings=\"{&quot;background_background&quot;:&quot;classic&quot;}\">\n\t\t\t\t<div class=\"elementor-element elementor-element-96bb58a elementor-widget elementor-widget-image\" data-id=\"96bb58a\" data-element_type=\"widget\" data-widget_type=\"image.default\">\n\t\t\t\t<div class=\"elementor-widget-container\">\n\t\t\t\t\t\t\t\t\t\t\t\t\t<img decoding=\"async\" width=\"105\" height=\"73\" src=\"https:\/\/www.jacques-lafarge.fr\/wp-content\/uploads\/2024\/10\/quote.png\" class=\"attachment-large size-large wp-image-74\" alt=\"\" \/>\t\t\t\t\t\t\t\t\t\t\t\t\t<\/div>\n\t\t\t\t<\/div>\n\t\t\t\t<div class=\"elementor-element elementor-element-12089e2 elementor-widget elementor-widget-text-editor\" data-id=\"12089e2\" data-element_type=\"widget\" data-widget_type=\"text-editor.default\">\n\t\t\t\t<div class=\"elementor-widget-container\">\n\t\t\t\t\t\t\t<p><span class=\"intro\">\u2018<\/span><span class=\"wwT3\">Literature <\/span>help <span class=\"wwT3\">us <\/span>to lead our life better.\u2019<\/p>\t\t\t\t\t\t<\/div>\n\t\t\t\t<\/div>\n\t\t\t\t<div class=\"elementor-element elementor-element-4bda2d1 elementor-widget elementor-widget-text-editor\" data-id=\"4bda2d1\" data-element_type=\"widget\" data-widget_type=\"text-editor.default\">\n\t\t\t\t<div class=\"elementor-widget-container\">\n\t\t\t\t\t\t\t<p class=\"wwP2\">We love imaginary stories that transport us to a different world. By identifying with the characters, we live thrilling, marvelous, or even implausible adventures. Beyond this pleasure of an adventurer on the sofa, I believe that they have an effect on us similar to that of dreams. They make us reflect on ourselves, our relationship to the outside world, our desires and our hopes.<\/p><p class=\"wwP5\"><span class=\"wwT1\">Acting like a simulator, literature allows us to experience situations without having to actually <\/span><span class=\"wwT2\">live<\/span><span class=\"wwT1\"> them. <\/span><span class=\"wwT2\">Thus<\/span><span class=\"wwT1\">, when we encounter these situations in reality, we are not completely helpless.<\/span><\/p>\t\t\t\t\t\t<\/div>\n\t\t\t\t<\/div>\n\t\t\t\t<\/div>\n\t\t<div class=\"elementor-element elementor-element-7d43b0bb e-con-full e-flex e-con e-child\" data-id=\"7d43b0bb\" data-element_type=\"container\">\n\t\t\t\t<div class=\"elementor-element elementor-element-267057ef elementor-widget elementor-widget-image\" data-id=\"267057ef\" data-element_type=\"widget\" data-widget_type=\"image.default\">\n\t\t\t\t<div class=\"elementor-widget-container\">\n\t\t\t\t\t\t\t\t\t\t\t\t\t<img fetchpriority=\"high\" decoding=\"async\" width=\"800\" height=\"225\" src=\"https:\/\/www.jacques-lafarge.fr\/wp-content\/uploads\/2024\/11\/header-litterature.png\" class=\"attachment-large size-large wp-image-269\" alt=\"\" srcset=\"https:\/\/www.jacques-lafarge.fr\/wp-content\/uploads\/2024\/11\/header-litterature.png 909w, https:\/\/www.jacques-lafarge.fr\/wp-content\/uploads\/2024\/11\/header-litterature-300x84.png 300w, https:\/\/www.jacques-lafarge.fr\/wp-content\/uploads\/2024\/11\/header-litterature-768x216.png 768w\" sizes=\"(max-width: 800px) 100vw, 800px\" \/>\t\t\t\t\t\t\t\t\t\t\t\t\t<\/div>\n\t\t\t\t<\/div>\n\t\t<div class=\"elementor-element elementor-element-c3550fa e-con-full e-flex e-con e-child\" data-id=\"c3550fa\" data-element_type=\"container\">\n\t\t<div class=\"elementor-element elementor-element-0798685 e-con-full e-flex e-con e-child\" data-id=\"0798685\" data-element_type=\"container\">\n\t\t\t\t<div class=\"elementor-element elementor-element-f7e98e4 elementor-widget elementor-widget-image\" data-id=\"f7e98e4\" data-element_type=\"widget\" data-widget_type=\"image.default\">\n\t\t\t\t<div class=\"elementor-widget-container\">\n\t\t\t\t\t\t\t\t\t\t\t\t\t\t<a href=\"https:\/\/www.jacques-lafarge.fr\/en\/lhistoire-veritable-de-lazare-meradec\/\">\n\t\t\t\t\t\t\t<img decoding=\"async\" width=\"326\" height=\"462\" src=\"https:\/\/www.jacques-lafarge.fr\/wp-content\/uploads\/2024\/10\/LazareMeradec.jpg\" class=\"attachment-large size-large wp-image-117\" alt=\"\" srcset=\"https:\/\/www.jacques-lafarge.fr\/wp-content\/uploads\/2024\/10\/LazareMeradec.jpg 326w, https:\/\/www.jacques-lafarge.fr\/wp-content\/uploads\/2024\/10\/LazareMeradec-212x300.jpg 212w\" sizes=\"(max-width: 326px) 100vw, 326px\" \/>\t\t\t\t\t\t\t\t<\/a>\n\t\t\t\t\t\t\t\t\t\t\t\t\t<\/div>\n\t\t\t\t<\/div>\n\t\t\t\t<\/div>\n\t\t<div class=\"elementor-element elementor-element-4017af4 e-con-full e-flex e-con e-child\" data-id=\"4017af4\" data-element_type=\"container\">\n\t\t\t\t<div class=\"elementor-element elementor-element-b96811a elementor-widget elementor-widget-image\" data-id=\"b96811a\" data-element_type=\"widget\" data-widget_type=\"image.default\">\n\t\t\t\t<div class=\"elementor-widget-container\">\n\t\t\t\t\t\t\t\t\t\t\t\t\t\t<a href=\"https:\/\/www.jacques-lafarge.fr\/en\/le-testament-dissara\/\">\n\t\t\t\t\t\t\t<img loading=\"lazy\" decoding=\"async\" width=\"447\" height=\"652\" src=\"https:\/\/www.jacques-lafarge.fr\/wp-content\/uploads\/2025\/02\/Visuel-couv-EN-72-ppp.jpg\" class=\"attachment-large size-large wp-image-1376\" alt=\"\" srcset=\"https:\/\/www.jacques-lafarge.fr\/wp-content\/uploads\/2025\/02\/Visuel-couv-EN-72-ppp.jpg 447w, https:\/\/www.jacques-lafarge.fr\/wp-content\/uploads\/2025\/02\/Visuel-couv-EN-72-ppp-206x300.jpg 206w\" sizes=\"(max-width: 447px) 100vw, 447px\" \/>\t\t\t\t\t\t\t\t<\/a>\n\t\t\t\t\t\t\t\t\t\t\t\t\t<\/div>\n\t\t\t\t<\/div>\n\t\t\t\t<\/div>\n\t\t\t\t<\/div>\n\t\t\t\t<\/div>\n\t\t\t\t<\/div>\n\t\t<div class=\"elementor-element elementor-element-728a689 elementor-hidden-desktop elementor-hidden-tablet elementor-hidden-mobile e-flex e-con-boxed e-con e-parent\" data-id=\"728a689\" data-element_type=\"container\" data-settings=\"{&quot;background_background&quot;:&quot;classic&quot;}\">\n\t\t\t\t\t<div class=\"e-con-inner\">\n\t\t\t\t<div class=\"elementor-element elementor-element-4ae9acd elementor-widget elementor-widget-n-accordion\" data-id=\"4ae9acd\" data-element_type=\"widget\" data-settings=\"{&quot;default_state&quot;:&quot;all_collapsed&quot;,&quot;max_items_expended&quot;:&quot;one&quot;,&quot;n_accordion_animation_duration&quot;:{&quot;unit&quot;:&quot;ms&quot;,&quot;size&quot;:400,&quot;sizes&quot;:[]}}\" data-widget_type=\"nested-accordion.default\">\n\t\t\t\t<div class=\"elementor-widget-container\">\n\t\t\t\t\t<div class=\"e-n-accordion\" aria-label=\"Accordion. Open links with Enter or Space, close with Escape, and navigate with Arrow Keys\">\n\t\t\t\t\t\t<details id=\"e-n-accordion-item-7850\" class=\"e-n-accordion-item\" >\n\t\t\t\t<summary class=\"e-n-accordion-item-title\" data-accordion-index=\"1\" tabindex=\"0\" aria-expanded=\"false\" aria-controls=\"e-n-accordion-item-7850\" >\n\t\t\t\t\t<span class='e-n-accordion-item-title-header'><div class=\"e-n-accordion-item-title-text\"> T\u00e9l\u00e9charger un texte <\/div><\/span>\n\t\t\t\t\t\t\t<span class='e-n-accordion-item-title-icon'>\n\t\t\t<span class='e-opened' ><svg aria-hidden=\"true\" class=\"e-font-icon-svg e-fas-level-up-alt\" viewBox=\"0 0 320 512\" xmlns=\"http:\/\/www.w3.org\/2000\/svg\"><path d=\"M313.553 119.669L209.587 7.666c-9.485-10.214-25.676-10.229-35.174 0L70.438 119.669C56.232 134.969 67.062 160 88.025 160H152v272H68.024a11.996 11.996 0 0 0-8.485 3.515l-56 56C-4.021 499.074 1.333 512 12.024 512H208c13.255 0 24-10.745 24-24V160h63.966c20.878 0 31.851-24.969 17.587-40.331z\"><\/path><\/svg><\/span>\n\t\t\t<span class='e-closed'><svg aria-hidden=\"true\" class=\"e-font-icon-svg e-fas-file-download\" viewBox=\"0 0 384 512\" xmlns=\"http:\/\/www.w3.org\/2000\/svg\"><path d=\"M224 136V0H24C10.7 0 0 10.7 0 24v464c0 13.3 10.7 24 24 24h336c13.3 0 24-10.7 24-24V160H248c-13.2 0-24-10.8-24-24zm76.45 211.36l-96.42 95.7c-6.65 6.61-17.39 6.61-24.04 0l-96.42-95.7C73.42 337.29 80.54 320 94.82 320H160v-80c0-8.84 7.16-16 16-16h32c8.84 0 16 7.16 16 16v80h65.18c14.28 0 21.4 17.29 11.27 27.36zM377 105L279.1 7c-4.5-4.5-10.6-7-17-7H256v128h128v-6.1c0-6.3-2.5-12.4-7-16.9z\"><\/path><\/svg><\/span>\n\t\t<\/span>\n\n\t\t\t\t\t\t<\/summary>\n\t\t\t\t<div role=\"region\" aria-labelledby=\"e-n-accordion-item-7850\" class=\"elementor-element elementor-element-c522ebf e-con-full e-flex e-con e-child\" data-id=\"c522ebf\" data-element_type=\"container\">\n\t\t<div role=\"region\" aria-labelledby=\"e-n-accordion-item-7850\" class=\"elementor-element elementor-element-855c521 e-grid e-con-full e-con e-child\" data-id=\"855c521\" data-element_type=\"container\">\n\t\t\t\t<div class=\"elementor-element elementor-element-15e58ea elementor-widget elementor-widget-icon-box\" data-id=\"15e58ea\" data-element_type=\"widget\" data-widget_type=\"icon-box.default\">\n\t\t\t\t<div class=\"elementor-widget-container\">\n\t\t\t\t\t<div class=\"elementor-icon-box-wrapper\">\n\n\t\t\t\n\t\t\t\t\t\t<div class=\"elementor-icon-box-content\">\n\n\t\t\t\t\t\t\t\t\t<h4 class=\"elementor-icon-box-title\">\n\t\t\t\t\t\t<a href=\"https:\/\/www.jacques-lafarge.fr\/wp-content\/uploads\/2024\/11\/LazareMeradec.pdf\" >\n\t\t\t\t\t\t\tL'histoire v\u00e9ritable <\/br>de Lazare M\u00e9radec\t\t\t\t\t\t<\/a>\n\t\t\t\t\t<\/h4>\n\t\t\t\t\n\t\t\t\t\t\t\t\t\t<p class=\"elementor-icon-box-description\">\n\t\t\t\t\t\tExtrait\t\t\t\t\t<\/p>\n\t\t\t\t\n\t\t\t<\/div>\n\t\t\t\n\t\t<\/div>\n\t\t\t\t<\/div>\n\t\t\t\t<\/div>\n\t\t\t\t<div class=\"elementor-element elementor-element-25fc996 elementor-widget elementor-widget-icon-box\" data-id=\"25fc996\" data-element_type=\"widget\" data-widget_type=\"icon-box.default\">\n\t\t\t\t<div class=\"elementor-widget-container\">\n\t\t\t\t\t<div class=\"elementor-icon-box-wrapper\">\n\n\t\t\t\n\t\t\t\t\t\t<div class=\"elementor-icon-box-content\">\n\n\t\t\t\t\t\t\t\t\t<h4 class=\"elementor-icon-box-title\">\n\t\t\t\t\t\t<a href=\"https:\/\/www.jacques-lafarge.fr\/wp-content\/uploads\/2024\/11\/TestamentDissasara.pdf\" >\n\t\t\t\t\t\t\tLe testament<\/br> d'Issasara\t\t\t\t\t\t<\/a>\n\t\t\t\t\t<\/h4>\n\t\t\t\t\n\t\t\t\t\t\t\t\t\t<p class=\"elementor-icon-box-description\">\n\t\t\t\t\t\t\nExtrait\t\t\t\t\t<\/p>\n\t\t\t\t\n\t\t\t<\/div>\n\t\t\t\n\t\t<\/div>\n\t\t\t\t<\/div>\n\t\t\t\t<\/div>\n\t\t\t\t<div class=\"elementor-element elementor-element-a7ddb72 elementor-widget elementor-widget-icon-box\" data-id=\"a7ddb72\" data-element_type=\"widget\" data-widget_type=\"icon-box.default\">\n\t\t\t\t<div class=\"elementor-widget-container\">\n\t\t\t\t\t<div class=\"elementor-icon-box-wrapper\">\n\n\t\t\t\n\t\t\t\t\t\t<div class=\"elementor-icon-box-content\">\n\n\t\t\t\t\t\t\t\t\t<h4 class=\"elementor-icon-box-title\">\n\t\t\t\t\t\t<a href=\"https:\/\/www.jacques-lafarge.fr\/wp-content\/uploads\/2024\/11\/DoubleJe.pdf\" >\n\t\t\t\t\t\t\tDouble <\/br>Je\t\t\t\t\t\t<\/a>\n\t\t\t\t\t<\/h4>\n\t\t\t\t\n\t\t\t\t\t\t\t\t\t<p class=\"elementor-icon-box-description\">\n\t\t\t\t\t\tTexte Int\u00e9gral\t\t\t\t\t<\/p>\n\t\t\t\t\n\t\t\t<\/div>\n\t\t\t\n\t\t<\/div>\n\t\t\t\t<\/div>\n\t\t\t\t<\/div>\n\t\t\t\t<div class=\"elementor-element elementor-element-75f933e elementor-widget elementor-widget-icon-box\" data-id=\"75f933e\" data-element_type=\"widget\" data-widget_type=\"icon-box.default\">\n\t\t\t\t<div class=\"elementor-widget-container\">\n\t\t\t\t\t<div class=\"elementor-icon-box-wrapper\">\n\n\t\t\t\n\t\t\t\t\t\t<div class=\"elementor-icon-box-content\">\n\n\t\t\t\t\t\t\t\t\t<h4 class=\"elementor-icon-box-title\">\n\t\t\t\t\t\t<a href=\"https:\/\/www.jacques-lafarge.fr\/wp-content\/uploads\/2024\/11\/DiscriminationPositive.pdf\" >\n\t\t\t\t\t\t\tDiscrimination <\/br>positive\t\t\t\t\t\t<\/a>\n\t\t\t\t\t<\/h4>\n\t\t\t\t\n\t\t\t\t\t\t\t\t\t<p class=\"elementor-icon-box-description\">\n\t\t\t\t\t\tText int\u00e9gral\t\t\t\t\t<\/p>\n\t\t\t\t\n\t\t\t<\/div>\n\t\t\t\n\t\t<\/div>\n\t\t\t\t<\/div>\n\t\t\t\t<\/div>\n\t\t\t\t<div class=\"elementor-element elementor-element-d1745c0 elementor-widget elementor-widget-icon-box\" data-id=\"d1745c0\" data-element_type=\"widget\" data-widget_type=\"icon-box.default\">\n\t\t\t\t<div class=\"elementor-widget-container\">\n\t\t\t\t\t<div class=\"elementor-icon-box-wrapper\">\n\n\t\t\t\n\t\t\t\t\t\t<div class=\"elementor-icon-box-content\">\n\n\t\t\t\t\t\t\t\t\t<h4 class=\"elementor-icon-box-title\">\n\t\t\t\t\t\t<a href=\"https:\/\/www.jacques-lafarge.fr\/wp-content\/uploads\/2024\/11\/PlaneteAVendre.pdf\" >\n\t\t\t\t\t\t\tPlan\u00e8te \u00e0 <\/br>vendre\t\t\t\t\t\t<\/a>\n\t\t\t\t\t<\/h4>\n\t\t\t\t\n\t\t\t\t\t\t\t\t\t<p class=\"elementor-icon-box-description\">\n\t\t\t\t\t\tTexte int\u00e9gral\t\t\t\t\t<\/p>\n\t\t\t\t\n\t\t\t<\/div>\n\t\t\t\n\t\t<\/div>\n\t\t\t\t<\/div>\n\t\t\t\t<\/div>\n\t\t\t\t<div class=\"elementor-element elementor-element-7e7fbdb elementor-widget elementor-widget-icon-box\" data-id=\"7e7fbdb\" data-element_type=\"widget\" data-widget_type=\"icon-box.default\">\n\t\t\t\t<div class=\"elementor-widget-container\">\n\t\t\t\t\t<div class=\"elementor-icon-box-wrapper\">\n\n\t\t\t\n\t\t\t\t\t\t<div class=\"elementor-icon-box-content\">\n\n\t\t\t\t\t\t\t\t\t<h4 class=\"elementor-icon-box-title\">\n\t\t\t\t\t\t<a href=\"https:\/\/www.jacques-lafarge.fr\/wp-content\/uploads\/2024\/11\/LeCoachMalgreLui.pdf\" >\n\t\t\t\t\t\t\tLe coach <\/br>malgr\u00e9 lui\t\t\t\t\t\t<\/a>\n\t\t\t\t\t<\/h4>\n\t\t\t\t\n\t\t\t\t\t\t\t\t\t<p class=\"elementor-icon-box-description\">\n\t\t\t\t\t\tText int\u00e9gral\t\t\t\t\t<\/p>\n\t\t\t\t\n\t\t\t<\/div>\n\t\t\t\n\t\t<\/div>\n\t\t\t\t<\/div>\n\t\t\t\t<\/div>\n\t\t\t\t<div class=\"elementor-element elementor-element-b3153a3 elementor-widget elementor-widget-icon-box\" data-id=\"b3153a3\" data-element_type=\"widget\" data-widget_type=\"icon-box.default\">\n\t\t\t\t<div class=\"elementor-widget-container\">\n\t\t\t\t\t<div class=\"elementor-icon-box-wrapper\">\n\n\t\t\t\n\t\t\t\t\t\t<div class=\"elementor-icon-box-content\">\n\n\t\t\t\t\t\t\t\t\t<h4 class=\"elementor-icon-box-title\">\n\t\t\t\t\t\t<a href=\"https:\/\/www.jacques-lafarge.fr\/wp-content\/uploads\/2024\/11\/MonMinistrePrefere.pdf\" >\n\t\t\t\t\t\t\tMon ministre<\/br> pr\u00e9f\u00e9r\u00e9\t\t\t\t\t\t<\/a>\n\t\t\t\t\t<\/h4>\n\t\t\t\t\n\t\t\t\t\t\t\t\t\t<p class=\"elementor-icon-box-description\">\n\t\t\t\t\t\tExtrait\t\t\t\t\t<\/p>\n\t\t\t\t\n\t\t\t<\/div>\n\t\t\t\n\t\t<\/div>\n\t\t\t\t<\/div>\n\t\t\t\t<\/div>\n\t\t\t\t<\/div>\n\t\t\t\t<\/div>\n\t\t\t\t\t<\/details>\n\t\t\t\t\t<\/div>\n\t\t\t\t<\/div>\n\t\t\t\t<\/div>\n\t\t\t\t\t<\/div>\n\t\t\t\t<\/div>\n\t\t\t\t<\/div>\n\t\t","protected":false},"excerpt":{"rendered":"<p>\u2018Literature help us to lead our life better.\u2019 We love imaginary stories that transport us to a different world. By identifying with the characters, we live thrilling, marvelous, or even implausible adventures. Beyond this pleasure of an adventurer on the sofa, I believe that they have an effect on us similar to that of dreams. [&hellip;]<\/p>\n","protected":false},"author":1,"featured_media":0,"parent":0,"menu_order":0,"comment_status":"closed","ping_status":"closed","template":"","meta":{"footnotes":""},"class_list":["post-616","page","type-page","status-publish","hentry"],"yoast_head":"<!-- This site is optimized with the Yoast SEO plugin v23.8 - https:\/\/yoast.com\/wordpress\/plugins\/seo\/ -->\n<title>Novels - Jacques Lafarge<\/title>\n<meta name=\"robots\" content=\"index, follow, max-snippet:-1, max-image-preview:large, max-video-preview:-1\" \/>\n<link rel=\"canonical\" href=\"https:\/\/www.jacques-lafarge.fr\/en\/romans\/\" \/>\n<meta property=\"og:locale\" content=\"en_US\" \/>\n<meta property=\"og:type\" content=\"article\" \/>\n<meta property=\"og:title\" content=\"Novels - Jacques Lafarge\" \/>\n<meta property=\"og:description\" content=\"\u2018Literature help us to lead our life better.\u2019 We love imaginary stories that transport us to a different world. By identifying with the characters, we live thrilling, marvelous, or even implausible adventures. Beyond this pleasure of an adventurer on the sofa, I believe that they have an effect on us similar to that of dreams. [&hellip;]\" \/>\n<meta property=\"og:url\" content=\"https:\/\/www.jacques-lafarge.fr\/en\/romans\/\" \/>\n<meta property=\"og:site_name\" content=\"Jacques Lafarge\" \/>\n<meta property=\"article:modified_time\" content=\"2025-03-27T08:05:55+00:00\" \/>\n<meta property=\"og:image\" content=\"https:\/\/www.jacques-lafarge.fr\/wp-content\/uploads\/2024\/10\/quote.png\" \/>\n<meta name=\"twitter:card\" content=\"summary_large_image\" \/>\n<meta name=\"twitter:label1\" content=\"Est. reading time\" \/>\n\t<meta name=\"twitter:data1\" content=\"2 minutes\" \/>\n<script type=\"application\/ld+json\" class=\"yoast-schema-graph\">{\"@context\":\"https:\/\/schema.org\",\"@graph\":[{\"@type\":\"WebPage\",\"@id\":\"https:\/\/www.jacques-lafarge.fr\/en\/romans\/\",\"url\":\"https:\/\/www.jacques-lafarge.fr\/en\/romans\/\",\"name\":\"Novels - Jacques Lafarge\",\"isPartOf\":{\"@id\":\"https:\/\/www.jacques-lafarge.fr\/en\/#website\"},\"primaryImageOfPage\":{\"@id\":\"https:\/\/www.jacques-lafarge.fr\/en\/romans\/#primaryimage\"},\"image\":{\"@id\":\"https:\/\/www.jacques-lafarge.fr\/en\/romans\/#primaryimage\"},\"thumbnailUrl\":\"https:\/\/www.jacques-lafarge.fr\/wp-content\/uploads\/2024\/10\/quote.png\",\"datePublished\":\"2024-11-05T20:03:15+00:00\",\"dateModified\":\"2025-03-27T08:05:55+00:00\",\"breadcrumb\":{\"@id\":\"https:\/\/www.jacques-lafarge.fr\/en\/romans\/#breadcrumb\"},\"inLanguage\":\"en-US\",\"potentialAction\":[{\"@type\":\"ReadAction\",\"target\":[\"https:\/\/www.jacques-lafarge.fr\/en\/romans\/\"]}]},{\"@type\":\"ImageObject\",\"inLanguage\":\"en-US\",\"@id\":\"https:\/\/www.jacques-lafarge.fr\/en\/romans\/#primaryimage\",\"url\":\"https:\/\/www.jacques-lafarge.fr\/wp-content\/uploads\/2024\/10\/quote.png\",\"contentUrl\":\"https:\/\/www.jacques-lafarge.fr\/wp-content\/uploads\/2024\/10\/quote.png\"},{\"@type\":\"BreadcrumbList\",\"@id\":\"https:\/\/www.jacques-lafarge.fr\/en\/romans\/#breadcrumb\",\"itemListElement\":[{\"@type\":\"ListItem\",\"position\":1,\"name\":\"Accueil\",\"item\":\"https:\/\/www.jacques-lafarge.fr\/en\/\"},{\"@type\":\"ListItem\",\"position\":2,\"name\":\"Novels\"}]},{\"@type\":\"WebSite\",\"@id\":\"https:\/\/www.jacques-lafarge.fr\/en\/#website\",\"url\":\"https:\/\/www.jacques-lafarge.fr\/en\/\",\"name\":\"Jacques Lafarge\",\"description\":\"\",\"publisher\":{\"@id\":\"https:\/\/www.jacques-lafarge.fr\/en\/#organization\"},\"potentialAction\":[{\"@type\":\"SearchAction\",\"target\":{\"@type\":\"EntryPoint\",\"urlTemplate\":\"https:\/\/www.jacques-lafarge.fr\/en\/?s={search_term_string}\"},\"query-input\":{\"@type\":\"PropertyValueSpecification\",\"valueRequired\":true,\"valueName\":\"search_term_string\"}}],\"inLanguage\":\"en-US\"},{\"@type\":\"Organization\",\"@id\":\"https:\/\/www.jacques-lafarge.fr\/en\/#organization\",\"name\":\"Jacques Lafarge\",\"url\":\"https:\/\/www.jacques-lafarge.fr\/en\/\",\"logo\":{\"@type\":\"ImageObject\",\"inLanguage\":\"en-US\",\"@id\":\"https:\/\/www.jacques-lafarge.fr\/en\/#\/schema\/logo\/image\/\",\"url\":\"https:\/\/www.jacques-lafarge.fr\/wp-content\/uploads\/2024\/10\/cropped-cropped-Logo-jacques-lafarge.png\",\"contentUrl\":\"https:\/\/www.jacques-lafarge.fr\/wp-content\/uploads\/2024\/10\/cropped-cropped-Logo-jacques-lafarge.png\",\"width\":875,\"height\":250,\"caption\":\"Jacques Lafarge\"},\"image\":{\"@id\":\"https:\/\/www.jacques-lafarge.fr\/en\/#\/schema\/logo\/image\/\"}}]}<\/script>\n<!-- \/ Yoast SEO plugin. -->","yoast_head_json":{"title":"Novels - Jacques Lafarge","robots":{"index":"index","follow":"follow","max-snippet":"max-snippet:-1","max-image-preview":"max-image-preview:large","max-video-preview":"max-video-preview:-1"},"canonical":"https:\/\/www.jacques-lafarge.fr\/en\/romans\/","og_locale":"en_US","og_type":"article","og_title":"Novels - Jacques Lafarge","og_description":"\u2018Literature help us to lead our life better.\u2019 We love imaginary stories that transport us to a different world. By identifying with the characters, we live thrilling, marvelous, or even implausible adventures. Beyond this pleasure of an adventurer on the sofa, I believe that they have an effect on us similar to that of dreams. [&hellip;]","og_url":"https:\/\/www.jacques-lafarge.fr\/en\/romans\/","og_site_name":"Jacques Lafarge","article_modified_time":"2025-03-27T08:05:55+00:00","og_image":[{"url":"https:\/\/www.jacques-lafarge.fr\/wp-content\/uploads\/2024\/10\/quote.png"}],"twitter_card":"summary_large_image","twitter_misc":{"Est. reading time":"2 minutes"},"schema":{"@context":"https:\/\/schema.org","@graph":[{"@type":"WebPage","@id":"https:\/\/www.jacques-lafarge.fr\/en\/romans\/","url":"https:\/\/www.jacques-lafarge.fr\/en\/romans\/","name":"Novels - Jacques Lafarge","isPartOf":{"@id":"https:\/\/www.jacques-lafarge.fr\/en\/#website"},"primaryImageOfPage":{"@id":"https:\/\/www.jacques-lafarge.fr\/en\/romans\/#primaryimage"},"image":{"@id":"https:\/\/www.jacques-lafarge.fr\/en\/romans\/#primaryimage"},"thumbnailUrl":"https:\/\/www.jacques-lafarge.fr\/wp-content\/uploads\/2024\/10\/quote.png","datePublished":"2024-11-05T20:03:15+00:00","dateModified":"2025-03-27T08:05:55+00:00","breadcrumb":{"@id":"https:\/\/www.jacques-lafarge.fr\/en\/romans\/#breadcrumb"},"inLanguage":"en-US","potentialAction":[{"@type":"ReadAction","target":["https:\/\/www.jacques-lafarge.fr\/en\/romans\/"]}]},{"@type":"ImageObject","inLanguage":"en-US","@id":"https:\/\/www.jacques-lafarge.fr\/en\/romans\/#primaryimage","url":"https:\/\/www.jacques-lafarge.fr\/wp-content\/uploads\/2024\/10\/quote.png","contentUrl":"https:\/\/www.jacques-lafarge.fr\/wp-content\/uploads\/2024\/10\/quote.png"},{"@type":"BreadcrumbList","@id":"https:\/\/www.jacques-lafarge.fr\/en\/romans\/#breadcrumb","itemListElement":[{"@type":"ListItem","position":1,"name":"Accueil","item":"https:\/\/www.jacques-lafarge.fr\/en\/"},{"@type":"ListItem","position":2,"name":"Novels"}]},{"@type":"WebSite","@id":"https:\/\/www.jacques-lafarge.fr\/en\/#website","url":"https:\/\/www.jacques-lafarge.fr\/en\/","name":"Jacques Lafarge","description":"","publisher":{"@id":"https:\/\/www.jacques-lafarge.fr\/en\/#organization"},"potentialAction":[{"@type":"SearchAction","target":{"@type":"EntryPoint","urlTemplate":"https:\/\/www.jacques-lafarge.fr\/en\/?s={search_term_string}"},"query-input":{"@type":"PropertyValueSpecification","valueRequired":true,"valueName":"search_term_string"}}],"inLanguage":"en-US"},{"@type":"Organization","@id":"https:\/\/www.jacques-lafarge.fr\/en\/#organization","name":"Jacques Lafarge","url":"https:\/\/www.jacques-lafarge.fr\/en\/","logo":{"@type":"ImageObject","inLanguage":"en-US","@id":"https:\/\/www.jacques-lafarge.fr\/en\/#\/schema\/logo\/image\/","url":"https:\/\/www.jacques-lafarge.fr\/wp-content\/uploads\/2024\/10\/cropped-cropped-Logo-jacques-lafarge.png","contentUrl":"https:\/\/www.jacques-lafarge.fr\/wp-content\/uploads\/2024\/10\/cropped-cropped-Logo-jacques-lafarge.png","width":875,"height":250,"caption":"Jacques Lafarge"},"image":{"@id":"https:\/\/www.jacques-lafarge.fr\/en\/#\/schema\/logo\/image\/"}}]}},"_links":{"self":[{"href":"https:\/\/www.jacques-lafarge.fr\/en\/wp-json\/wp\/v2\/pages\/616","targetHints":{"allow":["GET"]}}],"collection":[{"href":"https:\/\/www.jacques-lafarge.fr\/en\/wp-json\/wp\/v2\/pages"}],"about":[{"href":"https:\/\/www.jacques-lafarge.fr\/en\/wp-json\/wp\/v2\/types\/page"}],"author":[{"embeddable":true,"href":"https:\/\/www.jacques-lafarge.fr\/en\/wp-json\/wp\/v2\/users\/1"}],"replies":[{"embeddable":true,"href":"https:\/\/www.jacques-lafarge.fr\/en\/wp-json\/wp\/v2\/comments?post=616"}],"version-history":[{"count":18,"href":"https:\/\/www.jacques-lafarge.fr\/en\/wp-json\/wp\/v2\/pages\/616\/revisions"}],"predecessor-version":[{"id":1659,"href":"https:\/\/www.jacques-lafarge.fr\/en\/wp-json\/wp\/v2\/pages\/616\/revisions\/1659"}],"wp:attachment":[{"href":"https:\/\/www.jacques-lafarge.fr\/en\/wp-json\/wp\/v2\/media?parent=616"}],"curies":[{"name":"wp","href":"https:\/\/api.w.org\/{rel}","templated":true}]}}