{"id":1495,"date":"2025-02-18T10:43:55","date_gmt":"2025-02-18T09:43:55","guid":{"rendered":"https:\/\/www.jacques-lafarge.fr\/retour-au-couvent\/"},"modified":"2025-02-20T11:30:00","modified_gmt":"2025-02-20T10:30:00","slug":"retour-au-couvent","status":"publish","type":"page","link":"https:\/\/www.jacques-lafarge.fr\/en\/retour-au-couvent\/","title":{"rendered":"Retour au Couvent"},"content":{"rendered":"\t\t<div data-elementor-type=\"wp-page\" data-elementor-id=\"1495\" class=\"elementor elementor-1495 elementor-1364\">\n\t\t\t\t<div class=\"elementor-element elementor-element-ae1b67f e-con-full e-flex e-con e-parent\" data-id=\"ae1b67f\" data-element_type=\"container\">\n\t\t<div class=\"elementor-element elementor-element-67083263 e-con-full e-flex e-con e-child\" data-id=\"67083263\" data-element_type=\"container\" data-settings=\"{&quot;background_background&quot;:&quot;classic&quot;}\">\n\t\t\t\t<div class=\"elementor-element elementor-element-6d653289 elementor-widget elementor-widget-image\" data-id=\"6d653289\" data-element_type=\"widget\" data-widget_type=\"image.default\">\n\t\t\t\t<div class=\"elementor-widget-container\">\n\t\t\t\t\t\t\t\t\t\t\t\t\t<img decoding=\"async\" width=\"105\" height=\"73\" src=\"https:\/\/www.jacques-lafarge.fr\/wp-content\/uploads\/2024\/10\/quote.png\" class=\"attachment-large size-large wp-image-74\" alt=\"\" \/>\t\t\t\t\t\t\t\t\t\t\t\t\t<\/div>\n\t\t\t\t<\/div>\n\t\t\t\t<div class=\"elementor-element elementor-element-5b3c78e4 elementor-widget elementor-widget-text-editor\" data-id=\"5b3c78e4\" data-element_type=\"widget\" data-widget_type=\"text-editor.default\">\n\t\t\t\t<div class=\"elementor-widget-container\">\n\t\t\t\t\t\t\t<h4>What&#8217;s happening to Ramos?<\/h4><p>A strange adventure imagined during a writing workshop led by the novelist <a href=\"https:\/\/en.wikipedia.org\/wiki\/Ir%C3%A8ne_Frain\" target=\"_blank\" rel=\"noopener\">Ir\u00e8ne Frain<\/a>.<\/p>\t\t\t\t\t\t<\/div>\n\t\t\t\t<\/div>\n\t\t\t\t<\/div>\n\t\t<div class=\"elementor-element elementor-element-6ed9fa35 e-con-full e-flex e-con e-child\" data-id=\"6ed9fa35\" data-element_type=\"container\">\n\t\t\t\t<div class=\"elementor-element elementor-element-3b8e95b elementor-widget elementor-widget-image\" data-id=\"3b8e95b\" data-element_type=\"widget\" data-widget_type=\"image.default\">\n\t\t\t\t<div class=\"elementor-widget-container\">\n\t\t\t\t\t\t\t\t\t\t\t\t\t<img fetchpriority=\"high\" decoding=\"async\" width=\"800\" height=\"538\" src=\"https:\/\/www.jacques-lafarge.fr\/wp-content\/uploads\/2025\/02\/Visuel-72ppp.jpg\" class=\"attachment-large size-large wp-image-1367\" alt=\"\" srcset=\"https:\/\/www.jacques-lafarge.fr\/wp-content\/uploads\/2025\/02\/Visuel-72ppp.jpg 1000w, https:\/\/www.jacques-lafarge.fr\/wp-content\/uploads\/2025\/02\/Visuel-72ppp-300x202.jpg 300w, https:\/\/www.jacques-lafarge.fr\/wp-content\/uploads\/2025\/02\/Visuel-72ppp-768x516.jpg 768w\" sizes=\"(max-width: 800px) 100vw, 800px\" \/>\t\t\t\t\t\t\t\t\t\t\t\t\t<\/div>\n\t\t\t\t<\/div>\n\t\t<div class=\"elementor-element elementor-element-6c0f7cee e-con-full e-flex e-con e-child\" data-id=\"6c0f7cee\" data-element_type=\"container\">\n\t\t\t\t<div class=\"elementor-element elementor-element-6a5d616d elementor-widget elementor-widget-text-editor\" data-id=\"6a5d616d\" data-element_type=\"widget\" data-widget_type=\"text-editor.default\">\n\t\t\t\t<div class=\"elementor-widget-container\">\n\t\t\t\t\t\t\t<div class=\"et_pb_row_inner et_pb_row_inner_1_tb_body et_pb_gutters2\"><div class=\"et_pb_column et_pb_column_3_8 et_pb_column_inner et_pb_column_inner_1_tb_body\"><div class=\"et_pb_module et_pb_text et_pb_text_2_tb_body et_pb_text_align_left et_pb_text_align_center-phone et_pb_bg_layout_light\"><div class=\"et_pb_text_inner\"><h3>BACK TO THE CONVENT<\/h3><p>Ramos Ortega i Llorens, an international crook, has just finished serving his sentence for selling the Louvre Pyramid to a Chinese billionaire.<\/p><p>He hopes to be done with justice, but, thanks to strange phenomena, he finds himself confronted by a police officer whose behavior is as irritating as it is worrying&#8230;<\/p><\/div><\/div><\/div><\/div>\t\t\t\t\t\t<\/div>\n\t\t\t\t<\/div>\n\t\t\t\t<\/div>\n\t\t\t\t<\/div>\n\t\t<div class=\"elementor-element elementor-element-2568d737 e-con-full e-flex e-con e-child\" data-id=\"2568d737\" data-element_type=\"container\">\n\t\t\t\t<div class=\"elementor-element elementor-element-2aa4214d elementor-view-stacked elementor-shape-circle elementor-position-top elementor-mobile-position-top elementor-widget elementor-widget-icon-box\" data-id=\"2aa4214d\" data-element_type=\"widget\" data-widget_type=\"icon-box.default\">\n\t\t\t\t<div class=\"elementor-widget-container\">\n\t\t\t\t\t<div class=\"elementor-icon-box-wrapper\">\n\n\t\t\t\t\t\t<div class=\"elementor-icon-box-icon\">\n\t\t\t\t<a href=\"https:\/\/www.jacques-lafarge.fr\/wp-content\/uploads\/2025\/02\/Back-to-The-Convent.pdf\" target=\"_blank\" class=\"elementor-icon elementor-animation-\" tabindex=\"-1\">\n\t\t\t\t<svg aria-hidden=\"true\" class=\"e-font-icon-svg e-fas-file-download\" viewBox=\"0 0 384 512\" xmlns=\"http:\/\/www.w3.org\/2000\/svg\"><path d=\"M224 136V0H24C10.7 0 0 10.7 0 24v464c0 13.3 10.7 24 24 24h336c13.3 0 24-10.7 24-24V160H248c-13.2 0-24-10.8-24-24zm76.45 211.36l-96.42 95.7c-6.65 6.61-17.39 6.61-24.04 0l-96.42-95.7C73.42 337.29 80.54 320 94.82 320H160v-80c0-8.84 7.16-16 16-16h32c8.84 0 16 7.16 16 16v80h65.18c14.28 0 21.4 17.29 11.27 27.36zM377 105L279.1 7c-4.5-4.5-10.6-7-17-7H256v128h128v-6.1c0-6.3-2.5-12.4-7-16.9z\"><\/path><\/svg>\t\t\t\t<\/a>\n\t\t\t<\/div>\n\t\t\t\n\t\t\t\t\t\t<div class=\"elementor-icon-box-content\">\n\n\t\t\t\t\t\t\t\t\t<h3 class=\"elementor-icon-box-title\">\n\t\t\t\t\t\t<a href=\"https:\/\/www.jacques-lafarge.fr\/wp-content\/uploads\/2025\/02\/Back-to-The-Convent.pdf\" target=\"_blank\" >\n\t\t\t\t\t\t\tDownload the text\t\t\t\t\t\t<\/a>\n\t\t\t\t\t<\/h3>\n\t\t\t\t\n\t\t\t\t\n\t\t\t<\/div>\n\t\t\t\n\t\t<\/div>\n\t\t\t\t<\/div>\n\t\t\t\t<\/div>\n\t\t\t\t<\/div>\n\t\t\t\t<\/div>\n\t\t<div class=\"elementor-element elementor-element-582a9f26 elementor-hidden-desktop elementor-hidden-tablet elementor-hidden-mobile e-flex e-con-boxed e-con e-parent\" data-id=\"582a9f26\" data-element_type=\"container\" data-settings=\"{&quot;background_background&quot;:&quot;classic&quot;}\">\n\t\t\t\t\t<div class=\"e-con-inner\">\n\t\t\t\t<div class=\"elementor-element elementor-element-1d3f9b6a elementor-widget elementor-widget-n-accordion\" data-id=\"1d3f9b6a\" data-element_type=\"widget\" data-settings=\"{&quot;default_state&quot;:&quot;all_collapsed&quot;,&quot;max_items_expended&quot;:&quot;one&quot;,&quot;n_accordion_animation_duration&quot;:{&quot;unit&quot;:&quot;ms&quot;,&quot;size&quot;:400,&quot;sizes&quot;:[]}}\" data-widget_type=\"nested-accordion.default\">\n\t\t\t\t<div class=\"elementor-widget-container\">\n\t\t\t\t\t<div class=\"e-n-accordion\" aria-label=\"Accordion. Open links with Enter or Space, close with Escape, and navigate with Arrow Keys\">\n\t\t\t\t\t\t<details id=\"e-n-accordion-item-4900\" class=\"e-n-accordion-item\" >\n\t\t\t\t<summary class=\"e-n-accordion-item-title\" data-accordion-index=\"1\" tabindex=\"0\" aria-expanded=\"false\" aria-controls=\"e-n-accordion-item-4900\" >\n\t\t\t\t\t<span class='e-n-accordion-item-title-header'><div class=\"e-n-accordion-item-title-text\"> T\u00e9l\u00e9charger un texte <\/div><\/span>\n\t\t\t\t\t\t\t<span class='e-n-accordion-item-title-icon'>\n\t\t\t<span class='e-opened' ><svg aria-hidden=\"true\" class=\"e-font-icon-svg e-fas-level-up-alt\" viewBox=\"0 0 320 512\" xmlns=\"http:\/\/www.w3.org\/2000\/svg\"><path d=\"M313.553 119.669L209.587 7.666c-9.485-10.214-25.676-10.229-35.174 0L70.438 119.669C56.232 134.969 67.062 160 88.025 160H152v272H68.024a11.996 11.996 0 0 0-8.485 3.515l-56 56C-4.021 499.074 1.333 512 12.024 512H208c13.255 0 24-10.745 24-24V160h63.966c20.878 0 31.851-24.969 17.587-40.331z\"><\/path><\/svg><\/span>\n\t\t\t<span class='e-closed'><svg aria-hidden=\"true\" class=\"e-font-icon-svg e-fas-file-download\" viewBox=\"0 0 384 512\" xmlns=\"http:\/\/www.w3.org\/2000\/svg\"><path d=\"M224 136V0H24C10.7 0 0 10.7 0 24v464c0 13.3 10.7 24 24 24h336c13.3 0 24-10.7 24-24V160H248c-13.2 0-24-10.8-24-24zm76.45 211.36l-96.42 95.7c-6.65 6.61-17.39 6.61-24.04 0l-96.42-95.7C73.42 337.29 80.54 320 94.82 320H160v-80c0-8.84 7.16-16 16-16h32c8.84 0 16 7.16 16 16v80h65.18c14.28 0 21.4 17.29 11.27 27.36zM377 105L279.1 7c-4.5-4.5-10.6-7-17-7H256v128h128v-6.1c0-6.3-2.5-12.4-7-16.9z\"><\/path><\/svg><\/span>\n\t\t<\/span>\n\n\t\t\t\t\t\t<\/summary>\n\t\t\t\t<div role=\"region\" aria-labelledby=\"e-n-accordion-item-4900\" class=\"elementor-element elementor-element-438adcdd e-con-full e-flex e-con e-child\" data-id=\"438adcdd\" data-element_type=\"container\">\n\t\t<div role=\"region\" aria-labelledby=\"e-n-accordion-item-4900\" class=\"elementor-element elementor-element-1cd3c15c e-grid e-con-full e-con e-child\" data-id=\"1cd3c15c\" data-element_type=\"container\">\n\t\t\t\t<div class=\"elementor-element elementor-element-4f374018 elementor-widget elementor-widget-icon-box\" data-id=\"4f374018\" data-element_type=\"widget\" data-widget_type=\"icon-box.default\">\n\t\t\t\t<div class=\"elementor-widget-container\">\n\t\t\t\t\t<div class=\"elementor-icon-box-wrapper\">\n\n\t\t\t\n\t\t\t\t\t\t<div class=\"elementor-icon-box-content\">\n\n\t\t\t\t\t\t\t\t\t<h4 class=\"elementor-icon-box-title\">\n\t\t\t\t\t\t<a href=\"https:\/\/www.jacques-lafarge.fr\/wp-content\/uploads\/2024\/11\/LazareMeradec.pdf\" >\n\t\t\t\t\t\t\tL'histoire v\u00e9ritable <\/br>de Lazare M\u00e9radec\t\t\t\t\t\t<\/a>\n\t\t\t\t\t<\/h4>\n\t\t\t\t\n\t\t\t\t\t\t\t\t\t<p class=\"elementor-icon-box-description\">\n\t\t\t\t\t\tExtrait\t\t\t\t\t<\/p>\n\t\t\t\t\n\t\t\t<\/div>\n\t\t\t\n\t\t<\/div>\n\t\t\t\t<\/div>\n\t\t\t\t<\/div>\n\t\t\t\t<div class=\"elementor-element elementor-element-642e2920 elementor-widget elementor-widget-icon-box\" data-id=\"642e2920\" data-element_type=\"widget\" data-widget_type=\"icon-box.default\">\n\t\t\t\t<div class=\"elementor-widget-container\">\n\t\t\t\t\t<div class=\"elementor-icon-box-wrapper\">\n\n\t\t\t\n\t\t\t\t\t\t<div class=\"elementor-icon-box-content\">\n\n\t\t\t\t\t\t\t\t\t<h4 class=\"elementor-icon-box-title\">\n\t\t\t\t\t\t<a href=\"https:\/\/www.jacques-lafarge.fr\/wp-content\/uploads\/2024\/11\/TestamentDissasara.pdf\" >\n\t\t\t\t\t\t\tLe testament<\/br> d'Issasara\t\t\t\t\t\t<\/a>\n\t\t\t\t\t<\/h4>\n\t\t\t\t\n\t\t\t\t\t\t\t\t\t<p class=\"elementor-icon-box-description\">\n\t\t\t\t\t\t\nExtrait\t\t\t\t\t<\/p>\n\t\t\t\t\n\t\t\t<\/div>\n\t\t\t\n\t\t<\/div>\n\t\t\t\t<\/div>\n\t\t\t\t<\/div>\n\t\t\t\t<div class=\"elementor-element elementor-element-79e4a921 elementor-widget elementor-widget-icon-box\" data-id=\"79e4a921\" data-element_type=\"widget\" data-widget_type=\"icon-box.default\">\n\t\t\t\t<div class=\"elementor-widget-container\">\n\t\t\t\t\t<div class=\"elementor-icon-box-wrapper\">\n\n\t\t\t\n\t\t\t\t\t\t<div class=\"elementor-icon-box-content\">\n\n\t\t\t\t\t\t\t\t\t<h4 class=\"elementor-icon-box-title\">\n\t\t\t\t\t\t<a href=\"https:\/\/www.jacques-lafarge.fr\/wp-content\/uploads\/2024\/11\/DoubleJe.pdf\" >\n\t\t\t\t\t\t\tDouble <\/br>Je\t\t\t\t\t\t<\/a>\n\t\t\t\t\t<\/h4>\n\t\t\t\t\n\t\t\t\t\t\t\t\t\t<p class=\"elementor-icon-box-description\">\n\t\t\t\t\t\tTexte Int\u00e9gral\t\t\t\t\t<\/p>\n\t\t\t\t\n\t\t\t<\/div>\n\t\t\t\n\t\t<\/div>\n\t\t\t\t<\/div>\n\t\t\t\t<\/div>\n\t\t\t\t<div class=\"elementor-element elementor-element-ca8ff9f elementor-widget elementor-widget-icon-box\" data-id=\"ca8ff9f\" data-element_type=\"widget\" data-widget_type=\"icon-box.default\">\n\t\t\t\t<div class=\"elementor-widget-container\">\n\t\t\t\t\t<div class=\"elementor-icon-box-wrapper\">\n\n\t\t\t\n\t\t\t\t\t\t<div class=\"elementor-icon-box-content\">\n\n\t\t\t\t\t\t\t\t\t<h4 class=\"elementor-icon-box-title\">\n\t\t\t\t\t\t<a href=\"https:\/\/www.jacques-lafarge.fr\/wp-content\/uploads\/2024\/11\/DiscriminationPositive.pdf\" >\n\t\t\t\t\t\t\tDiscrimination <\/br>positive\t\t\t\t\t\t<\/a>\n\t\t\t\t\t<\/h4>\n\t\t\t\t\n\t\t\t\t\t\t\t\t\t<p class=\"elementor-icon-box-description\">\n\t\t\t\t\t\tText int\u00e9gral\t\t\t\t\t<\/p>\n\t\t\t\t\n\t\t\t<\/div>\n\t\t\t\n\t\t<\/div>\n\t\t\t\t<\/div>\n\t\t\t\t<\/div>\n\t\t\t\t<div class=\"elementor-element elementor-element-50010477 elementor-widget elementor-widget-icon-box\" data-id=\"50010477\" data-element_type=\"widget\" data-widget_type=\"icon-box.default\">\n\t\t\t\t<div class=\"elementor-widget-container\">\n\t\t\t\t\t<div class=\"elementor-icon-box-wrapper\">\n\n\t\t\t\n\t\t\t\t\t\t<div class=\"elementor-icon-box-content\">\n\n\t\t\t\t\t\t\t\t\t<h4 class=\"elementor-icon-box-title\">\n\t\t\t\t\t\t<a href=\"https:\/\/www.jacques-lafarge.fr\/wp-content\/uploads\/2024\/11\/PlaneteAVendre.pdf\" >\n\t\t\t\t\t\t\tPlan\u00e8te \u00e0 <\/br>vendre\t\t\t\t\t\t<\/a>\n\t\t\t\t\t<\/h4>\n\t\t\t\t\n\t\t\t\t\t\t\t\t\t<p class=\"elementor-icon-box-description\">\n\t\t\t\t\t\tTexte int\u00e9gral\t\t\t\t\t<\/p>\n\t\t\t\t\n\t\t\t<\/div>\n\t\t\t\n\t\t<\/div>\n\t\t\t\t<\/div>\n\t\t\t\t<\/div>\n\t\t\t\t<div class=\"elementor-element elementor-element-545821c9 elementor-widget elementor-widget-icon-box\" data-id=\"545821c9\" data-element_type=\"widget\" data-widget_type=\"icon-box.default\">\n\t\t\t\t<div class=\"elementor-widget-container\">\n\t\t\t\t\t<div class=\"elementor-icon-box-wrapper\">\n\n\t\t\t\n\t\t\t\t\t\t<div class=\"elementor-icon-box-content\">\n\n\t\t\t\t\t\t\t\t\t<h4 class=\"elementor-icon-box-title\">\n\t\t\t\t\t\t<a href=\"https:\/\/www.jacques-lafarge.fr\/wp-content\/uploads\/2024\/11\/LeCoachMalgreLui.pdf\" >\n\t\t\t\t\t\t\tLe coach <\/br>malgr\u00e9 lui\t\t\t\t\t\t<\/a>\n\t\t\t\t\t<\/h4>\n\t\t\t\t\n\t\t\t\t\t\t\t\t\t<p class=\"elementor-icon-box-description\">\n\t\t\t\t\t\tText int\u00e9gral\t\t\t\t\t<\/p>\n\t\t\t\t\n\t\t\t<\/div>\n\t\t\t\n\t\t<\/div>\n\t\t\t\t<\/div>\n\t\t\t\t<\/div>\n\t\t\t\t<div class=\"elementor-element elementor-element-61e012b5 elementor-widget elementor-widget-icon-box\" data-id=\"61e012b5\" data-element_type=\"widget\" data-widget_type=\"icon-box.default\">\n\t\t\t\t<div class=\"elementor-widget-container\">\n\t\t\t\t\t<div class=\"elementor-icon-box-wrapper\">\n\n\t\t\t\n\t\t\t\t\t\t<div class=\"elementor-icon-box-content\">\n\n\t\t\t\t\t\t\t\t\t<h4 class=\"elementor-icon-box-title\">\n\t\t\t\t\t\t<a href=\"https:\/\/www.jacques-lafarge.fr\/wp-content\/uploads\/2024\/11\/MonMinistrePrefere.pdf\" >\n\t\t\t\t\t\t\tMon ministre<\/br> pr\u00e9f\u00e9r\u00e9\t\t\t\t\t\t<\/a>\n\t\t\t\t\t<\/h4>\n\t\t\t\t\n\t\t\t\t\t\t\t\t\t<p class=\"elementor-icon-box-description\">\n\t\t\t\t\t\tExtrait\t\t\t\t\t<\/p>\n\t\t\t\t\n\t\t\t<\/div>\n\t\t\t\n\t\t<\/div>\n\t\t\t\t<\/div>\n\t\t\t\t<\/div>\n\t\t\t\t<\/div>\n\t\t\t\t<\/div>\n\t\t\t\t\t<\/details>\n\t\t\t\t\t<\/div>\n\t\t\t\t<\/div>\n\t\t\t\t<\/div>\n\t\t\t\t\t<\/div>\n\t\t\t\t<\/div>\n\t\t\t\t<\/div>\n\t\t","protected":false},"excerpt":{"rendered":"<p>What&#8217;s happening to Ramos? A strange adventure imagined during a writing workshop led by the novelist Ir\u00e8ne Frain. BACK TO THE CONVENT Ramos Ortega i Llorens, an international crook, has just finished serving his sentence for selling the Louvre Pyramid to a Chinese billionaire. He hopes to be done with justice, but, thanks to strange [&hellip;]<\/p>\n","protected":false},"author":2,"featured_media":0,"parent":0,"menu_order":0,"comment_status":"closed","ping_status":"closed","template":"elementor_theme","meta":{"footnotes":""},"class_list":["post-1495","page","type-page","status-publish","hentry"],"yoast_head":"<!-- This site is optimized with the Yoast SEO plugin v23.8 - https:\/\/yoast.com\/wordpress\/plugins\/seo\/ -->\n<title>Retour au Couvent - Jacques Lafarge<\/title>\n<meta name=\"robots\" content=\"index, follow, max-snippet:-1, max-image-preview:large, max-video-preview:-1\" \/>\n<link rel=\"canonical\" href=\"https:\/\/www.jacques-lafarge.fr\/en\/retour-au-couvent\/\" \/>\n<meta property=\"og:locale\" content=\"en_US\" \/>\n<meta property=\"og:type\" content=\"article\" \/>\n<meta property=\"og:title\" content=\"Retour au Couvent - Jacques Lafarge\" \/>\n<meta property=\"og:description\" content=\"What&#8217;s happening to Ramos? A strange adventure imagined during a writing workshop led by the novelist Ir\u00e8ne Frain. BACK TO THE CONVENT Ramos Ortega i Llorens, an international crook, has just finished serving his sentence for selling the Louvre Pyramid to a Chinese billionaire. He hopes to be done with justice, but, thanks to strange [&hellip;]\" \/>\n<meta property=\"og:url\" content=\"https:\/\/www.jacques-lafarge.fr\/en\/retour-au-couvent\/\" \/>\n<meta property=\"og:site_name\" content=\"Jacques Lafarge\" \/>\n<meta property=\"article:modified_time\" content=\"2025-02-20T10:30:00+00:00\" \/>\n<meta property=\"og:image\" content=\"https:\/\/www.jacques-lafarge.fr\/wp-content\/uploads\/2024\/10\/quote.png\" \/>\n\t<meta property=\"og:image:width\" content=\"105\" \/>\n\t<meta property=\"og:image:height\" content=\"73\" \/>\n\t<meta property=\"og:image:type\" content=\"image\/png\" \/>\n<meta name=\"twitter:card\" content=\"summary_large_image\" \/>\n<meta name=\"twitter:label1\" content=\"Est. reading time\" \/>\n\t<meta name=\"twitter:data1\" content=\"1 minute\" \/>\n<script type=\"application\/ld+json\" class=\"yoast-schema-graph\">{\"@context\":\"https:\/\/schema.org\",\"@graph\":[{\"@type\":\"WebPage\",\"@id\":\"https:\/\/www.jacques-lafarge.fr\/en\/retour-au-couvent\/\",\"url\":\"https:\/\/www.jacques-lafarge.fr\/en\/retour-au-couvent\/\",\"name\":\"Retour au Couvent - Jacques Lafarge\",\"isPartOf\":{\"@id\":\"https:\/\/www.jacques-lafarge.fr\/en\/#website\"},\"primaryImageOfPage\":{\"@id\":\"https:\/\/www.jacques-lafarge.fr\/en\/retour-au-couvent\/#primaryimage\"},\"image\":{\"@id\":\"https:\/\/www.jacques-lafarge.fr\/en\/retour-au-couvent\/#primaryimage\"},\"thumbnailUrl\":\"https:\/\/www.jacques-lafarge.fr\/wp-content\/uploads\/2024\/10\/quote.png\",\"datePublished\":\"2025-02-18T09:43:55+00:00\",\"dateModified\":\"2025-02-20T10:30:00+00:00\",\"breadcrumb\":{\"@id\":\"https:\/\/www.jacques-lafarge.fr\/en\/retour-au-couvent\/#breadcrumb\"},\"inLanguage\":\"en-US\",\"potentialAction\":[{\"@type\":\"ReadAction\",\"target\":[\"https:\/\/www.jacques-lafarge.fr\/en\/retour-au-couvent\/\"]}]},{\"@type\":\"ImageObject\",\"inLanguage\":\"en-US\",\"@id\":\"https:\/\/www.jacques-lafarge.fr\/en\/retour-au-couvent\/#primaryimage\",\"url\":\"https:\/\/www.jacques-lafarge.fr\/wp-content\/uploads\/2024\/10\/quote.png\",\"contentUrl\":\"https:\/\/www.jacques-lafarge.fr\/wp-content\/uploads\/2024\/10\/quote.png\"},{\"@type\":\"BreadcrumbList\",\"@id\":\"https:\/\/www.jacques-lafarge.fr\/en\/retour-au-couvent\/#breadcrumb\",\"itemListElement\":[{\"@type\":\"ListItem\",\"position\":1,\"name\":\"Accueil\",\"item\":\"https:\/\/www.jacques-lafarge.fr\/en\/\"},{\"@type\":\"ListItem\",\"position\":2,\"name\":\"Retour au Couvent\"}]},{\"@type\":\"WebSite\",\"@id\":\"https:\/\/www.jacques-lafarge.fr\/en\/#website\",\"url\":\"https:\/\/www.jacques-lafarge.fr\/en\/\",\"name\":\"Jacques Lafarge\",\"description\":\"\",\"publisher\":{\"@id\":\"https:\/\/www.jacques-lafarge.fr\/en\/#organization\"},\"potentialAction\":[{\"@type\":\"SearchAction\",\"target\":{\"@type\":\"EntryPoint\",\"urlTemplate\":\"https:\/\/www.jacques-lafarge.fr\/en\/?s={search_term_string}\"},\"query-input\":{\"@type\":\"PropertyValueSpecification\",\"valueRequired\":true,\"valueName\":\"search_term_string\"}}],\"inLanguage\":\"en-US\"},{\"@type\":\"Organization\",\"@id\":\"https:\/\/www.jacques-lafarge.fr\/en\/#organization\",\"name\":\"Jacques Lafarge\",\"url\":\"https:\/\/www.jacques-lafarge.fr\/en\/\",\"logo\":{\"@type\":\"ImageObject\",\"inLanguage\":\"en-US\",\"@id\":\"https:\/\/www.jacques-lafarge.fr\/en\/#\/schema\/logo\/image\/\",\"url\":\"https:\/\/www.jacques-lafarge.fr\/wp-content\/uploads\/2024\/10\/cropped-cropped-Logo-jacques-lafarge.png\",\"contentUrl\":\"https:\/\/www.jacques-lafarge.fr\/wp-content\/uploads\/2024\/10\/cropped-cropped-Logo-jacques-lafarge.png\",\"width\":875,\"height\":250,\"caption\":\"Jacques Lafarge\"},\"image\":{\"@id\":\"https:\/\/www.jacques-lafarge.fr\/en\/#\/schema\/logo\/image\/\"}}]}<\/script>\n<!-- \/ Yoast SEO plugin. -->","yoast_head_json":{"title":"Retour au Couvent - Jacques Lafarge","robots":{"index":"index","follow":"follow","max-snippet":"max-snippet:-1","max-image-preview":"max-image-preview:large","max-video-preview":"max-video-preview:-1"},"canonical":"https:\/\/www.jacques-lafarge.fr\/en\/retour-au-couvent\/","og_locale":"en_US","og_type":"article","og_title":"Retour au Couvent - Jacques Lafarge","og_description":"What&#8217;s happening to Ramos? A strange adventure imagined during a writing workshop led by the novelist Ir\u00e8ne Frain. BACK TO THE CONVENT Ramos Ortega i Llorens, an international crook, has just finished serving his sentence for selling the Louvre Pyramid to a Chinese billionaire. He hopes to be done with justice, but, thanks to strange [&hellip;]","og_url":"https:\/\/www.jacques-lafarge.fr\/en\/retour-au-couvent\/","og_site_name":"Jacques Lafarge","article_modified_time":"2025-02-20T10:30:00+00:00","og_image":[{"width":105,"height":73,"url":"https:\/\/www.jacques-lafarge.fr\/wp-content\/uploads\/2024\/10\/quote.png","type":"image\/png"}],"twitter_card":"summary_large_image","twitter_misc":{"Est. reading time":"1 minute"},"schema":{"@context":"https:\/\/schema.org","@graph":[{"@type":"WebPage","@id":"https:\/\/www.jacques-lafarge.fr\/en\/retour-au-couvent\/","url":"https:\/\/www.jacques-lafarge.fr\/en\/retour-au-couvent\/","name":"Retour au Couvent - Jacques Lafarge","isPartOf":{"@id":"https:\/\/www.jacques-lafarge.fr\/en\/#website"},"primaryImageOfPage":{"@id":"https:\/\/www.jacques-lafarge.fr\/en\/retour-au-couvent\/#primaryimage"},"image":{"@id":"https:\/\/www.jacques-lafarge.fr\/en\/retour-au-couvent\/#primaryimage"},"thumbnailUrl":"https:\/\/www.jacques-lafarge.fr\/wp-content\/uploads\/2024\/10\/quote.png","datePublished":"2025-02-18T09:43:55+00:00","dateModified":"2025-02-20T10:30:00+00:00","breadcrumb":{"@id":"https:\/\/www.jacques-lafarge.fr\/en\/retour-au-couvent\/#breadcrumb"},"inLanguage":"en-US","potentialAction":[{"@type":"ReadAction","target":["https:\/\/www.jacques-lafarge.fr\/en\/retour-au-couvent\/"]}]},{"@type":"ImageObject","inLanguage":"en-US","@id":"https:\/\/www.jacques-lafarge.fr\/en\/retour-au-couvent\/#primaryimage","url":"https:\/\/www.jacques-lafarge.fr\/wp-content\/uploads\/2024\/10\/quote.png","contentUrl":"https:\/\/www.jacques-lafarge.fr\/wp-content\/uploads\/2024\/10\/quote.png"},{"@type":"BreadcrumbList","@id":"https:\/\/www.jacques-lafarge.fr\/en\/retour-au-couvent\/#breadcrumb","itemListElement":[{"@type":"ListItem","position":1,"name":"Accueil","item":"https:\/\/www.jacques-lafarge.fr\/en\/"},{"@type":"ListItem","position":2,"name":"Retour au Couvent"}]},{"@type":"WebSite","@id":"https:\/\/www.jacques-lafarge.fr\/en\/#website","url":"https:\/\/www.jacques-lafarge.fr\/en\/","name":"Jacques Lafarge","description":"","publisher":{"@id":"https:\/\/www.jacques-lafarge.fr\/en\/#organization"},"potentialAction":[{"@type":"SearchAction","target":{"@type":"EntryPoint","urlTemplate":"https:\/\/www.jacques-lafarge.fr\/en\/?s={search_term_string}"},"query-input":{"@type":"PropertyValueSpecification","valueRequired":true,"valueName":"search_term_string"}}],"inLanguage":"en-US"},{"@type":"Organization","@id":"https:\/\/www.jacques-lafarge.fr\/en\/#organization","name":"Jacques Lafarge","url":"https:\/\/www.jacques-lafarge.fr\/en\/","logo":{"@type":"ImageObject","inLanguage":"en-US","@id":"https:\/\/www.jacques-lafarge.fr\/en\/#\/schema\/logo\/image\/","url":"https:\/\/www.jacques-lafarge.fr\/wp-content\/uploads\/2024\/10\/cropped-cropped-Logo-jacques-lafarge.png","contentUrl":"https:\/\/www.jacques-lafarge.fr\/wp-content\/uploads\/2024\/10\/cropped-cropped-Logo-jacques-lafarge.png","width":875,"height":250,"caption":"Jacques Lafarge"},"image":{"@id":"https:\/\/www.jacques-lafarge.fr\/en\/#\/schema\/logo\/image\/"}}]}},"_links":{"self":[{"href":"https:\/\/www.jacques-lafarge.fr\/en\/wp-json\/wp\/v2\/pages\/1495","targetHints":{"allow":["GET"]}}],"collection":[{"href":"https:\/\/www.jacques-lafarge.fr\/en\/wp-json\/wp\/v2\/pages"}],"about":[{"href":"https:\/\/www.jacques-lafarge.fr\/en\/wp-json\/wp\/v2\/types\/page"}],"author":[{"embeddable":true,"href":"https:\/\/www.jacques-lafarge.fr\/en\/wp-json\/wp\/v2\/users\/2"}],"replies":[{"embeddable":true,"href":"https:\/\/www.jacques-lafarge.fr\/en\/wp-json\/wp\/v2\/comments?post=1495"}],"version-history":[{"count":9,"href":"https:\/\/www.jacques-lafarge.fr\/en\/wp-json\/wp\/v2\/pages\/1495\/revisions"}],"predecessor-version":[{"id":1511,"href":"https:\/\/www.jacques-lafarge.fr\/en\/wp-json\/wp\/v2\/pages\/1495\/revisions\/1511"}],"wp:attachment":[{"href":"https:\/\/www.jacques-lafarge.fr\/en\/wp-json\/wp\/v2\/media?parent=1495"}],"curies":[{"name":"wp","href":"https:\/\/api.w.org\/{rel}","templated":true}]}}